{"id":17397,"date":"2023-03-22T12:12:19","date_gmt":"2023-03-22T12:12:19","guid":{"rendered":"https:\/\/obonjan.hr\/sales-policy\/"},"modified":"2024-06-04T11:13:44","modified_gmt":"2024-06-04T11:13:44","slug":"sales-policy","status":"publish","type":"page","link":"https:\/\/obonjan.hr\/sl\/sales-policy\/","title":{"rendered":"Prodajna politika"},"content":{"rendered":"<p>[vc_row full_width=&#8221;stretch_row&#8221; gap=&#8221;0&#8243; enable_row_dividers=&#8221;yes&#8221; row_svg_divider=&#8221;top_shape_height:100|bottom_shape_type:12|bottom_shape_color:%23ffffff|bottom_shape_height:100|bottom_shape_bringtofront:yes&#8221; css=&#8221;.vc_custom_1680263456319{margin-top: -100px !important;margin-bottom: 50px !important;padding-bottom: 100px !important;}&#8221; el_class=&#8221;bottom_wave_animated&#8221;][vc_column][\/vc_column][\/vc_row][vc_row][vc_column][vc_column_text]Hvala za va\u0161o rezervacijo. Bodite pozorni na na\u0161o prodajno politiko:<\/p>\n<p>\u010cas prihoda je po 15. uri na dan prihoda.<br \/>\n\u010cas odjave je na dan odhoda pred 10. uro.<br \/>\nPozna odjava lahko povzro\u010di dodatne stro\u0161ke.<br \/>\nVsi ra\u010duni se poravnajo ob odjavi.<br \/>\nZa zagotovitev rezervacije je potrebna veljavna kreditna kartica.<br \/>\n\u010ce \u017eelite spremeniti ali preklicati potrjeno rezervacijo, lahko to storite v skladu s Politiko odpovedi.<\/p>\n<p>Za vse dodatne informacije se obrnite na na\u0161o rezervacijsko pisarno na e-naslov: booking@obonjan.hr<\/p>\n<p>Obonjan Island Resort si pridr\u017euje pravico do zavrnitve, odpovedi ali spremembe rezervacij, \u010de domneva, da zgoraj navedeno vsebuje ali pa je posledica neto\u010dnosti ali napake.<\/p>\n<p>Politika odpovedi<br \/>\nRezervacija se zadr\u017ei 24 ur na dan prihoda.<br \/>\nV primeru neprihoda zara\u010dunamo stro\u0161ek odpovedi v vi\u0161ini 100 % vrednosti rezervacije.<br \/>\nV primeru odpovedi 300 &#8211; 15 dni pred prihodom zara\u010dunamo stro\u0161ek odpovedi v vi\u0161ini 0 % vrednosti rezervacije.<br \/>\nV primeru odpovedi 14 &#8211; 8 dni pred prihodom zara\u010dunamo stro\u0161ek odpovedi v vi\u0161ini 50 % vrednosti rezervacije.<br \/>\nV primeru odpovedi 7 &#8211; 0 dni pred prihodom zara\u010dunamo stro\u0161ek odpovedi v vi\u0161ini 80 % vrednosti rezervacije.<\/p>\n<p>Prednosti neposredne rezervacije<br \/>\nZakaj rezervirati na na\u0161i uradni spletni strani? Ponujamo zna\u010dilne ugodnosti za neposredne rezervacije.<\/p>\n<p>GARANCIJA NAJBOLJ\u0160E CENE<br \/>\n\u010ce svojo namestitev rezervirate neposredno na na\u0161i spletni strani, \u0161tevilki za rezervacije ali e-po\u0161ti, zagotavljamo najbolj\u0161o ceno na spletu.<br \/>\n\u010ce najdete svojo rezervacijo na kak\u0161ni drugi strani po ni\u017eji ceni, nas kontaktirajte na booking@obonjan.hr. Zni\u017eali bomo na\u0161o ceno v skladu s to cenej\u0161o ponudbo, \u010de bodo izpolnjeni naslednji pogoji:<br \/>\nPo opravljeni rezervaciji ste nas kontaktirali z vsemi podrobnostmi o drugi ponudbi, vklju\u010dno s povezavo do ponudbe na spletni strani in natan\u010dno ceno, ki je navedena.<br \/>\nDrugo ponudbo lahko rezervirate preko spleta in je na voljo v \u010dasu na\u0161ega preverjanja.<br \/>\nZa drugo ponudbo veljajo enaki pogoji rezervacije, kot so navedeni v va\u0161i rezervaciji. To pomeni naslednje:<br \/>\nponudba se nana\u0161a na isto namestitveno enoto<br \/>\nponudba se nana\u0161a na isti tip namestitve<br \/>\nponudba se nana\u0161a na isto obdobje bivanja, isto \u0161tevilo gostov in isto valuto<br \/>\nponudba se nana\u0161a na enake pogoje sobe, ki vklju\u010dujejo na\u010drt obrokov, pravila odpovedi, ponudbo paketov, dol\u017eino bivanja itn.<br \/>\nPogoji va\u0161e rezervacije pri nas \u0161e vedno dovoljujejo odpovedi in spremembe brez stro\u0161kov.<br \/>\nGarancija se nana\u0161a na skupno ceno celotnega bivanja, ne pa na ceno za en ali ve\u010d dni bivanja.<br \/>\n\u010ce na\u0161e cene ne moremo prilagoditi ceni druge ponudbe, ker je eden izmed zgornjih pogojev druga\u010den, \u0161e vedno obdr\u017eite svojo obstoje\u010do rezervacijo &#8211; vklju\u010dno s politiko odpovedi.<\/p>\n<p>Na\u0161a ponudba Garancija najbolj\u0161e cene ne velja v naslednjih primerih:<br \/>\nRezervirali ste preko spletne strani, ki do rezervacije ne prikazuje namestitvene enote, v kateri boste bivali ali pa ne prikazuje tipa namestitve.<br \/>\nPri rezervaciji ste uveljavljali posebne cene za \u010dlane, posebne cene za pogoste uporabnike, to\u010dke zvestobe ali kakr\u0161enkoli program nagrajevanja.<br \/>\nNiste nas kontaktirali ve\u010d kot 15 dni pred va\u0161im prihodom.<\/p>\n<p>REZERVIRAJTE ZDAJ IN PLA\u010cAJTE KASNEJE<br \/>\nPri rezervaciji namestitve ni vnaprej\u0161njega pla\u010dila. Pla\u010date komaj ob odhodu z otoka.<\/p>\n<p>BREZPLA\u010cNA ODPOVED<br \/>\nVse rezervacije lahko brez stro\u0161kov spremenite ali prekli\u010dete do 15 dni pred na\u010drtovanim prihodom, kakor bi vam zagotovili \u010dim ve\u010d fleksibilnosti je mo\u017eno.<\/p>\n<p>GARANCIJA NAJBOLJ\u0160E CENE<br \/>\nRezervirajte neposredno na na\u0161i spletni strani, \u0161tevilki za rezervacije ali po e-po\u0161ti, mi pa vam bomo zagotovili najbolj\u0161o ceno na spletu.<\/p>\n<p>BREZSKRBEN ODDIH<br \/>\nZdravstvena oskrba na otoku je na voljo vso sezono za nujne primere in druga akutna zdravstvena stanja.[\/vc_column_text]<style>.ld_spacer_6a04865dc5a83{height:64px;}<\/style>\n<div class=\"ld-empty-space ld_spacer_6a04865dc5a83\"><\/div>[\/vc_column][\/vc_row]<\/p>\n","protected":false},"excerpt":{"rendered":"<p>[vc_row full_width=&#8221;stretch_row&#8221; gap=&#8221;0&#8243; enable_row_dividers=&#8221;yes&#8221; row_svg_divider=&#8221;top_shape_height:100|bottom_shape_type:12|bottom_shape_color:%23ffffff|bottom_shape_height:100|bottom_shape_bringtofront:yes&#8221; css=&#8221;.vc_custom_1680263456319{margin-top: -100px !important;margin-bottom: 50px !important;padding-bottom: 100px !important;}&#8221; el_class=&#8221;bottom_wave_animated&#8221;][vc_column][\/vc_column][\/vc_row][vc_row][vc_column][vc_column_text]Hvala za va\u0161o rezervacijo. Bodite pozorni na na\u0161o prodajno politiko: \u010cas prihoda je po 15. uri na dan prihoda. \u010cas odjave je na dan odhoda pred 10. uro. Pozna odjava lahko povzro\u010di dodatne stro\u0161ke. Vsi ra\u010duni se poravnajo ob odjavi. Za zagotovitev rezervacije [&hellip;]<\/p>\n","protected":false},"author":1,"featured_media":0,"parent":0,"menu_order":0,"comment_status":"closed","ping_status":"closed","template":"","meta":{"footnotes":""},"class_list":["post-17397","page","type-page","status-publish","hentry"],"yoast_head":"<!-- This site is optimized with the Yoast SEO plugin v27.3 - https:\/\/yoast.com\/product\/yoast-seo-wordpress\/ -->\n<title>Politika prodaje - Obonjan Resort<\/title>\n<meta name=\"description\" content=\"Politika prodaje - informacije v zvezi z brezpla\u010dno odpovedjo, \u010dasom prihoda in odhoda, jamstvom najbolj\u0161e cene namestitve v letovi\u0161\u010du Obonjan na otoku.\" \/>\n<meta name=\"robots\" content=\"index, follow, max-snippet:-1, max-image-preview:large, max-video-preview:-1\" \/>\n<link rel=\"canonical\" href=\"https:\/\/obonjan.hr\/sl\/sales-policy\/\" \/>\n<meta property=\"og:locale\" content=\"sl_SI\" \/>\n<meta property=\"og:type\" content=\"article\" \/>\n<meta property=\"og:title\" content=\"Politika prodaje - Obonjan Resort\" \/>\n<meta property=\"og:description\" content=\"Politika prodaje - informacije v zvezi z brezpla\u010dno odpovedjo, \u010dasom prihoda in odhoda, jamstvom najbolj\u0161e cene namestitve v letovi\u0161\u010du Obonjan na otoku.\" \/>\n<meta property=\"og:url\" content=\"https:\/\/obonjan.hr\/sl\/sales-policy\/\" \/>\n<meta property=\"og:site_name\" content=\"Obonjan\" \/>\n<meta property=\"article:modified_time\" content=\"2024-06-04T11:13:44+00:00\" \/>\n<meta name=\"twitter:card\" content=\"summary_large_image\" \/>\n<meta name=\"twitter:label1\" content=\"Est. reading time\" \/>\n\t<meta name=\"twitter:data1\" content=\"3 minute\" \/>\n<script type=\"application\/ld+json\" class=\"yoast-schema-graph\">{\"@context\":\"https:\\\/\\\/schema.org\",\"@graph\":[{\"@type\":\"WebPage\",\"@id\":\"https:\\\/\\\/obonjan.hr\\\/sl\\\/sales-policy\\\/\",\"url\":\"https:\\\/\\\/obonjan.hr\\\/sl\\\/sales-policy\\\/\",\"name\":\"Politika prodaje - Obonjan Resort\",\"isPartOf\":{\"@id\":\"https:\\\/\\\/obonjan.hr\\\/#website\"},\"datePublished\":\"2023-03-22T12:12:19+00:00\",\"dateModified\":\"2024-06-04T11:13:44+00:00\",\"description\":\"Politika prodaje - informacije v zvezi z brezpla\u010dno odpovedjo, \u010dasom prihoda in odhoda, jamstvom najbolj\u0161e cene namestitve v letovi\u0161\u010du Obonjan na otoku.\",\"breadcrumb\":{\"@id\":\"https:\\\/\\\/obonjan.hr\\\/sl\\\/sales-policy\\\/#breadcrumb\"},\"inLanguage\":\"sl-SI\",\"potentialAction\":[{\"@type\":\"ReadAction\",\"target\":[\"https:\\\/\\\/obonjan.hr\\\/sl\\\/sales-policy\\\/\"]}]},{\"@type\":\"BreadcrumbList\",\"@id\":\"https:\\\/\\\/obonjan.hr\\\/sl\\\/sales-policy\\\/#breadcrumb\",\"itemListElement\":[{\"@type\":\"ListItem\",\"position\":1,\"name\":\"Home\",\"item\":\"https:\\\/\\\/obonjan.hr\\\/sl\\\/\"},{\"@type\":\"ListItem\",\"position\":2,\"name\":\"Prodajna politika\"}]},{\"@type\":\"WebSite\",\"@id\":\"https:\\\/\\\/obonjan.hr\\\/#website\",\"url\":\"https:\\\/\\\/obonjan.hr\\\/\",\"name\":\"Obonjan\",\"description\":\"\",\"potentialAction\":[{\"@type\":\"SearchAction\",\"target\":{\"@type\":\"EntryPoint\",\"urlTemplate\":\"https:\\\/\\\/obonjan.hr\\\/?s={search_term_string}\"},\"query-input\":{\"@type\":\"PropertyValueSpecification\",\"valueRequired\":true,\"valueName\":\"search_term_string\"}}],\"inLanguage\":\"sl-SI\"}]}<\/script>\n<!-- \/ Yoast SEO plugin. -->","yoast_head_json":{"title":"Politika prodaje - Obonjan Resort","description":"Politika prodaje - informacije v zvezi z brezpla\u010dno odpovedjo, \u010dasom prihoda in odhoda, jamstvom najbolj\u0161e cene namestitve v letovi\u0161\u010du Obonjan na otoku.","robots":{"index":"index","follow":"follow","max-snippet":"max-snippet:-1","max-image-preview":"max-image-preview:large","max-video-preview":"max-video-preview:-1"},"canonical":"https:\/\/obonjan.hr\/sl\/sales-policy\/","og_locale":"sl_SI","og_type":"article","og_title":"Politika prodaje - Obonjan Resort","og_description":"Politika prodaje - informacije v zvezi z brezpla\u010dno odpovedjo, \u010dasom prihoda in odhoda, jamstvom najbolj\u0161e cene namestitve v letovi\u0161\u010du Obonjan na otoku.","og_url":"https:\/\/obonjan.hr\/sl\/sales-policy\/","og_site_name":"Obonjan","article_modified_time":"2024-06-04T11:13:44+00:00","twitter_card":"summary_large_image","twitter_misc":{"Est. reading time":"3 minute"},"schema":{"@context":"https:\/\/schema.org","@graph":[{"@type":"WebPage","@id":"https:\/\/obonjan.hr\/sl\/sales-policy\/","url":"https:\/\/obonjan.hr\/sl\/sales-policy\/","name":"Politika prodaje - Obonjan Resort","isPartOf":{"@id":"https:\/\/obonjan.hr\/#website"},"datePublished":"2023-03-22T12:12:19+00:00","dateModified":"2024-06-04T11:13:44+00:00","description":"Politika prodaje - informacije v zvezi z brezpla\u010dno odpovedjo, \u010dasom prihoda in odhoda, jamstvom najbolj\u0161e cene namestitve v letovi\u0161\u010du Obonjan na otoku.","breadcrumb":{"@id":"https:\/\/obonjan.hr\/sl\/sales-policy\/#breadcrumb"},"inLanguage":"sl-SI","potentialAction":[{"@type":"ReadAction","target":["https:\/\/obonjan.hr\/sl\/sales-policy\/"]}]},{"@type":"BreadcrumbList","@id":"https:\/\/obonjan.hr\/sl\/sales-policy\/#breadcrumb","itemListElement":[{"@type":"ListItem","position":1,"name":"Home","item":"https:\/\/obonjan.hr\/sl\/"},{"@type":"ListItem","position":2,"name":"Prodajna politika"}]},{"@type":"WebSite","@id":"https:\/\/obonjan.hr\/#website","url":"https:\/\/obonjan.hr\/","name":"Obonjan","description":"","potentialAction":[{"@type":"SearchAction","target":{"@type":"EntryPoint","urlTemplate":"https:\/\/obonjan.hr\/?s={search_term_string}"},"query-input":{"@type":"PropertyValueSpecification","valueRequired":true,"valueName":"search_term_string"}}],"inLanguage":"sl-SI"}]}},"_links":{"self":[{"href":"https:\/\/obonjan.hr\/sl\/wp-json\/wp\/v2\/pages\/17397","targetHints":{"allow":["GET"]}}],"collection":[{"href":"https:\/\/obonjan.hr\/sl\/wp-json\/wp\/v2\/pages"}],"about":[{"href":"https:\/\/obonjan.hr\/sl\/wp-json\/wp\/v2\/types\/page"}],"author":[{"embeddable":true,"href":"https:\/\/obonjan.hr\/sl\/wp-json\/wp\/v2\/users\/1"}],"replies":[{"embeddable":true,"href":"https:\/\/obonjan.hr\/sl\/wp-json\/wp\/v2\/comments?post=17397"}],"version-history":[{"count":2,"href":"https:\/\/obonjan.hr\/sl\/wp-json\/wp\/v2\/pages\/17397\/revisions"}],"predecessor-version":[{"id":17399,"href":"https:\/\/obonjan.hr\/sl\/wp-json\/wp\/v2\/pages\/17397\/revisions\/17399"}],"wp:attachment":[{"href":"https:\/\/obonjan.hr\/sl\/wp-json\/wp\/v2\/media?parent=17397"}],"curies":[{"name":"wp","href":"https:\/\/api.w.org\/{rel}","templated":true}]}}