{"id":17131,"date":"2023-03-22T12:12:19","date_gmt":"2023-03-22T12:12:19","guid":{"rendered":"https:\/\/obonjan.hr\/sales-policy\/"},"modified":"2024-06-04T08:55:20","modified_gmt":"2024-06-04T08:55:20","slug":"sales-policy","status":"publish","type":"page","link":"https:\/\/obonjan.hr\/pl\/sales-policy\/","title":{"rendered":"Polityka sprzeda\u017cy"},"content":{"rendered":"<p>[vc_row full_width=&#8221;stretch_row&#8221; gap=&#8221;0&#8243; enable_row_dividers=&#8221;yes&#8221; row_svg_divider=&#8221;top_shape_height:100|bottom_shape_type:12|bottom_shape_color:%23ffffff|bottom_shape_height:100|bottom_shape_bringtofront:yes&#8221; css=&#8221;.vc_custom_1680263456319{margin-top: -100px !important;margin-bottom: 50px !important;padding-bottom: 100px !important;}&#8221; el_class=&#8221;bottom_wave_animated&#8221;][vc_column][\/vc_column][\/vc_row][vc_row][vc_column][vc_column_text]Dzi\u0119kuj\u0119 za Twoj\u0105 rezerwacj\u0119 Zwr\u00f3\u0107 uwag\u0119 na nasz\u0105 polityk\u0119 sprzeda\u017cow\u0105:<\/p>\n<p>Doba przyjazdowa nast\u0119puje po godzinie 15:00 w dniu przyjazdu.<br \/>\nWymeldowanie nast\u0119puje do godziny 10:00 w dniu wyjazdu.<br \/>\nP\u00f3\u017ane wymeldowanie mo\u017ce wi\u0105za\u0107 si\u0119 z dodatkowymi op\u0142atami.<br \/>\nWszystkie rachunki s\u0105 rozliczane w momencie wymeldowania.<br \/>\nDo zagwarantowania rezerwacji wymagana jest wa\u017cna karta kredytowa.<br \/>\nJe\u015bli chcesz zmieni\u0107 lub anulowa\u0107 potwierdzon\u0105 rezerwacj\u0119, mo\u017cesz to zrobi\u0107 zgodnie z Polityk\u0105 anulowania.<\/p>\n<p>W celu uzyskania dodatkowych informacji prosimy o kontakt z naszym biurem rezerwacji pod nast\u0119puj\u0105cym adresem e-mail: booking@obonjan.hr<\/p>\n<p>Obonjan Island Resort zastrzega sobie prawo do odmowy, anulowania lub zmiany rezerwacji, je\u015bli powy\u017csze wydaje si\u0119 zawiera\u0107 lub jest wynikiem niedok\u0142adno\u015bci, lub b\u0142\u0119du.<\/p>\n<p>Polityka anulowania<br \/>\nRezerwacja jest utrzymywana przez 24 godziny w dniu przyjazdu<br \/>\nW przypadku niepojawienia si\u0119 naliczamy op\u0142at\u0119 za anulacj\u0119 w wysoko\u015bci 100,00% warto\u015bci rezerwacji.<br \/>\nW przypadku anulacji na 300 \u2013 15 dni przed przyjazdem pobieramy op\u0142at\u0119 za anulacj\u0119 w wysoko\u015bci 0,00% warto\u015bci rezerwacji.<br \/>\nW przypadku anulacji rezerwacji na 14 &#8211; 8 dni przed przyjazdem pobieramy op\u0142at\u0119 za anulacj\u0119 w wysoko\u015bci 50,00% warto\u015bci rezerwacji.<br \/>\nW przypadku anulacji rezerwacji na 7-0 dni przed przyjazdem pobieramy op\u0142at\u0119 za rezygnacj\u0119 w wysoko\u015bci 80,00% warto\u015bci rezerwacji.<\/p>\n<p>Zalety rezerwacji bezpo\u015bredniej<br \/>\nDlaczego warto dokona\u0107 rezerwacji na naszej oficjalnej stronie internetowej? Oferujemy znaczne korzy\u015bci w przypadku rezerwacji bezpo\u015brednich.<\/p>\n<p>GWARANCJA NAJLEPSZEJ CENY<br \/>\nJe\u015bli zarezerwujesz zakwaterowanie bezpo\u015brednio na naszej stronie internetowej, za po\u015brednictwem naszego numeru rezerwacji lub e-maila, gwarantujemy najlepsz\u0105 cen\u0119 w Internecie.<br \/>\nJe\u015bli znajdziesz swoj\u0105 rezerwacj\u0119 na innej stronie w ni\u017cszej cenie, skontaktuj si\u0119 z nami pod adresem booking@obonjan.hr. Obni\u017cymy nasz\u0105 cen\u0119 zgodnie z t\u0105 ta\u0144sz\u0105 ofert\u0105, je\u015bli spe\u0142ni\u0105 si\u0119 nast\u0119puj\u0105ce warunki:<br \/>\nSkontaktowa\u0142e\u015b si\u0119 z nami po dokonaniu rezerwacji, podaj\u0105c wszystkie szczeg\u00f3\u0142y drugiej oferty, \u0142\u0105cznie z linkiem do oferty na stronie internetowej i dok\u0142adne podan\u0105 cen\u0105.<br \/>\nDrug\u0105 ofert\u0119 mo\u017cna zarezerwowa\u0107 online i jest ona dost\u0119pna w momencie naszego sprawdzenia.<br \/>\nDruga oferta podlega takim samym warunkom rezerwacji, jakie zosta\u0142y podane w Twojej rezerwacji. Oznacza to, nast\u0119pne:<br \/>\nOferta dotyczy tej samej jednostki mieszkalnej.<br \/>\nOferta dotyczy tego samego rodzaju noclegu.<br \/>\nOferta dotyczy tego samego okresu pobytu, tej samej liczby go\u015bci i tej samej waluty.<br \/>\nOferta dotyczy tych samych warunk\u00f3w pokoju, kt\u00f3re obejmuj\u0105 plan posi\u0142k\u00f3w, zasady anulowania, ofert\u0119 pakietow\u0105, d\u0142ugo\u015b\u0107 pobytu itp.<br \/>\nWarunki Twojej rezerwacji u nas nadal pozwalaj\u0105 na bezp\u0142atne anulowanie i zmiany.<br \/>\nGwarancja dotyczy ceny ca\u0142kowitej za ca\u0142y pobyt, a nie ceny za jeden lub kilka dni pobytu.<br \/>\nJe\u015bli nie b\u0119dziemy w stanie dopasowa\u0107 naszej ceny do ceny innej oferty ze wzgl\u0119du na inny z powy\u017cszych warunk\u00f3w, nadal zachowuj\u0105 Pa\u0144stwo swoj\u0105 dotychczasow\u0105 rezerwacj\u0119 \u2013 \u0142\u0105cznie z zasadami anulowania rezerwacji.<\/p>\n<p>Nasza oferta Gwarancji najni\u017cszej ceny nie ma zastosowania w nast\u0119puj\u0105cych przypadkach:<br \/>\nDokona\u0142e\u015b rezerwacji za po\u015brednictwem strony internetowej, kt\u00f3ra do chwili dokonania rezerwacji nie wy\u015bwietla kwatery, w kt\u00f3rej si\u0119 zatrzymasz, ani rodzaju zakwaterowania.<br \/>\nDokona\u0142e\u015b rezerwacji, korzystaj\u0105c ze specjalnych stawek cz\u0142onkowskich, specjalnych stawek dla cz\u0119stych u\u017cytkownik\u00f3w, punkt\u00f3w lojalno\u015bciowych lub dowolnego programu nagr\u00f3d.<br \/>\nNie skontaktowa\u0142e\u015b si\u0119 z nami wcze\u015bniej ni\u017c 15 dni przed przyjazdem.<\/p>\n<p>ZAREZERWUJ TERAZ I ZAP\u0141A\u0106 P\u00d3\u0179NIEJ<br \/>\nPrzy rezerwacji noclegu nie pobiera si\u0119 zaliczki. P\u0142acisz, dopiero gdy opuszczasz wysp\u0119.<\/p>\n<p>BEZP\u0141ATNA ANULACJA<br \/>\nWszystkie rezerwacje mo\u017cna bezp\u0142atnie zmieni\u0107 lub anulowa\u0107 do 15 dni przed planowanym przyjazdem, aby zapewni\u0107 Pa\u0144stwu jak najwi\u0119ksz\u0105 elastyczno\u015b\u0107.<\/p>\n<p>GWARANCJA NAJLEPSZEJ CENY<br \/>\nZarezerwuj bezpo\u015brednio na naszej stronie internetowej, na nasz numer do rezerwacji lub e-mail, a my gwarantujemy najlepsz\u0105 cen\u0119 w internecie.<\/p>\n<p>BEZTROSKI POBYT<br \/>\nOpieka medyczna na wyspie jest dost\u0119pna przez ca\u0142y sezon w nag\u0142ych przypadkach i innych ostrych schorzeniach.[\/vc_column_text]<style>.ld_spacer_6a04869131278{height:64px;}<\/style>\n<div class=\"ld-empty-space ld_spacer_6a04869131278\"><\/div>[\/vc_column][\/vc_row]<\/p>\n","protected":false},"excerpt":{"rendered":"<p>[vc_row full_width=&#8221;stretch_row&#8221; gap=&#8221;0&#8243; enable_row_dividers=&#8221;yes&#8221; row_svg_divider=&#8221;top_shape_height:100|bottom_shape_type:12|bottom_shape_color:%23ffffff|bottom_shape_height:100|bottom_shape_bringtofront:yes&#8221; css=&#8221;.vc_custom_1680263456319{margin-top: -100px !important;margin-bottom: 50px !important;padding-bottom: 100px !important;}&#8221; el_class=&#8221;bottom_wave_animated&#8221;][vc_column][\/vc_column][\/vc_row][vc_row][vc_column][vc_column_text]Dzi\u0119kuj\u0119 za Twoj\u0105 rezerwacj\u0119 Zwr\u00f3\u0107 uwag\u0119 na nasz\u0105 polityk\u0119 sprzeda\u017cow\u0105: Doba przyjazdowa nast\u0119puje po godzinie 15:00 w dniu przyjazdu. Wymeldowanie nast\u0119puje do godziny 10:00 w dniu wyjazdu. P\u00f3\u017ane wymeldowanie mo\u017ce wi\u0105za\u0107 si\u0119 z dodatkowymi op\u0142atami. Wszystkie rachunki s\u0105 rozliczane w momencie wymeldowania. Do [&hellip;]<\/p>\n","protected":false},"author":1,"featured_media":0,"parent":0,"menu_order":0,"comment_status":"closed","ping_status":"closed","template":"","meta":{"footnotes":""},"class_list":["post-17131","page","type-page","status-publish","hentry"],"yoast_head":"<!-- This site is optimized with the Yoast SEO plugin v27.3 - https:\/\/yoast.com\/product\/yoast-seo-wordpress\/ -->\n<title>Polityka sprzeda\u017cy - O\u015brodek Obonjan<\/title>\n<meta name=\"description\" content=\"Polityka sprzeda\u017cy - bezp\u0142atne anulacje, godziny zameldowania i wymeldowania, najlepsze ceny za noclegi w kurorcie na wyspie Obonjan.\" \/>\n<meta name=\"robots\" content=\"index, follow, max-snippet:-1, max-image-preview:large, max-video-preview:-1\" \/>\n<link rel=\"canonical\" href=\"https:\/\/obonjan.hr\/pl\/sales-policy\/\" \/>\n<meta property=\"og:locale\" content=\"pl_PL\" \/>\n<meta property=\"og:type\" content=\"article\" \/>\n<meta property=\"og:title\" content=\"Polityka sprzeda\u017cy - O\u015brodek Obonjan\" \/>\n<meta property=\"og:description\" content=\"Polityka sprzeda\u017cy - bezp\u0142atne anulacje, godziny zameldowania i wymeldowania, najlepsze ceny za noclegi w kurorcie na wyspie Obonjan.\" \/>\n<meta property=\"og:url\" content=\"https:\/\/obonjan.hr\/pl\/sales-policy\/\" \/>\n<meta property=\"og:site_name\" content=\"Obonjan\" \/>\n<meta property=\"article:modified_time\" content=\"2024-06-04T08:55:20+00:00\" \/>\n<meta name=\"twitter:card\" content=\"summary_large_image\" \/>\n<meta name=\"twitter:label1\" content=\"Szacowany czas czytania\" \/>\n\t<meta name=\"twitter:data1\" content=\"3 minuty\" \/>\n<script type=\"application\/ld+json\" class=\"yoast-schema-graph\">{\"@context\":\"https:\\\/\\\/schema.org\",\"@graph\":[{\"@type\":\"WebPage\",\"@id\":\"https:\\\/\\\/obonjan.hr\\\/pl\\\/sales-policy\\\/\",\"url\":\"https:\\\/\\\/obonjan.hr\\\/pl\\\/sales-policy\\\/\",\"name\":\"Polityka sprzeda\u017cy - O\u015brodek Obonjan\",\"isPartOf\":{\"@id\":\"https:\\\/\\\/obonjan.hr\\\/#website\"},\"datePublished\":\"2023-03-22T12:12:19+00:00\",\"dateModified\":\"2024-06-04T08:55:20+00:00\",\"description\":\"Polityka sprzeda\u017cy - bezp\u0142atne anulacje, godziny zameldowania i wymeldowania, najlepsze ceny za noclegi w kurorcie na wyspie Obonjan.\",\"breadcrumb\":{\"@id\":\"https:\\\/\\\/obonjan.hr\\\/pl\\\/sales-policy\\\/#breadcrumb\"},\"inLanguage\":\"pl-PL\",\"potentialAction\":[{\"@type\":\"ReadAction\",\"target\":[\"https:\\\/\\\/obonjan.hr\\\/pl\\\/sales-policy\\\/\"]}]},{\"@type\":\"BreadcrumbList\",\"@id\":\"https:\\\/\\\/obonjan.hr\\\/pl\\\/sales-policy\\\/#breadcrumb\",\"itemListElement\":[{\"@type\":\"ListItem\",\"position\":1,\"name\":\"Home\",\"item\":\"https:\\\/\\\/obonjan.hr\\\/pl\\\/\"},{\"@type\":\"ListItem\",\"position\":2,\"name\":\"Polityka sprzeda\u017cy\"}]},{\"@type\":\"WebSite\",\"@id\":\"https:\\\/\\\/obonjan.hr\\\/#website\",\"url\":\"https:\\\/\\\/obonjan.hr\\\/\",\"name\":\"Obonjan\",\"description\":\"\",\"potentialAction\":[{\"@type\":\"SearchAction\",\"target\":{\"@type\":\"EntryPoint\",\"urlTemplate\":\"https:\\\/\\\/obonjan.hr\\\/?s={search_term_string}\"},\"query-input\":{\"@type\":\"PropertyValueSpecification\",\"valueRequired\":true,\"valueName\":\"search_term_string\"}}],\"inLanguage\":\"pl-PL\"}]}<\/script>\n<!-- \/ Yoast SEO plugin. -->","yoast_head_json":{"title":"Polityka sprzeda\u017cy - O\u015brodek Obonjan","description":"Polityka sprzeda\u017cy - bezp\u0142atne anulacje, godziny zameldowania i wymeldowania, najlepsze ceny za noclegi w kurorcie na wyspie Obonjan.","robots":{"index":"index","follow":"follow","max-snippet":"max-snippet:-1","max-image-preview":"max-image-preview:large","max-video-preview":"max-video-preview:-1"},"canonical":"https:\/\/obonjan.hr\/pl\/sales-policy\/","og_locale":"pl_PL","og_type":"article","og_title":"Polityka sprzeda\u017cy - O\u015brodek Obonjan","og_description":"Polityka sprzeda\u017cy - bezp\u0142atne anulacje, godziny zameldowania i wymeldowania, najlepsze ceny za noclegi w kurorcie na wyspie Obonjan.","og_url":"https:\/\/obonjan.hr\/pl\/sales-policy\/","og_site_name":"Obonjan","article_modified_time":"2024-06-04T08:55:20+00:00","twitter_card":"summary_large_image","twitter_misc":{"Szacowany czas czytania":"3 minuty"},"schema":{"@context":"https:\/\/schema.org","@graph":[{"@type":"WebPage","@id":"https:\/\/obonjan.hr\/pl\/sales-policy\/","url":"https:\/\/obonjan.hr\/pl\/sales-policy\/","name":"Polityka sprzeda\u017cy - O\u015brodek Obonjan","isPartOf":{"@id":"https:\/\/obonjan.hr\/#website"},"datePublished":"2023-03-22T12:12:19+00:00","dateModified":"2024-06-04T08:55:20+00:00","description":"Polityka sprzeda\u017cy - bezp\u0142atne anulacje, godziny zameldowania i wymeldowania, najlepsze ceny za noclegi w kurorcie na wyspie Obonjan.","breadcrumb":{"@id":"https:\/\/obonjan.hr\/pl\/sales-policy\/#breadcrumb"},"inLanguage":"pl-PL","potentialAction":[{"@type":"ReadAction","target":["https:\/\/obonjan.hr\/pl\/sales-policy\/"]}]},{"@type":"BreadcrumbList","@id":"https:\/\/obonjan.hr\/pl\/sales-policy\/#breadcrumb","itemListElement":[{"@type":"ListItem","position":1,"name":"Home","item":"https:\/\/obonjan.hr\/pl\/"},{"@type":"ListItem","position":2,"name":"Polityka sprzeda\u017cy"}]},{"@type":"WebSite","@id":"https:\/\/obonjan.hr\/#website","url":"https:\/\/obonjan.hr\/","name":"Obonjan","description":"","potentialAction":[{"@type":"SearchAction","target":{"@type":"EntryPoint","urlTemplate":"https:\/\/obonjan.hr\/?s={search_term_string}"},"query-input":{"@type":"PropertyValueSpecification","valueRequired":true,"valueName":"search_term_string"}}],"inLanguage":"pl-PL"}]}},"_links":{"self":[{"href":"https:\/\/obonjan.hr\/pl\/wp-json\/wp\/v2\/pages\/17131","targetHints":{"allow":["GET"]}}],"collection":[{"href":"https:\/\/obonjan.hr\/pl\/wp-json\/wp\/v2\/pages"}],"about":[{"href":"https:\/\/obonjan.hr\/pl\/wp-json\/wp\/v2\/types\/page"}],"author":[{"embeddable":true,"href":"https:\/\/obonjan.hr\/pl\/wp-json\/wp\/v2\/users\/1"}],"replies":[{"embeddable":true,"href":"https:\/\/obonjan.hr\/pl\/wp-json\/wp\/v2\/comments?post=17131"}],"version-history":[{"count":2,"href":"https:\/\/obonjan.hr\/pl\/wp-json\/wp\/v2\/pages\/17131\/revisions"}],"predecessor-version":[{"id":19878,"href":"https:\/\/obonjan.hr\/pl\/wp-json\/wp\/v2\/pages\/17131\/revisions\/19878"}],"wp:attachment":[{"href":"https:\/\/obonjan.hr\/pl\/wp-json\/wp\/v2\/media?parent=17131"}],"curies":[{"name":"wp","href":"https:\/\/api.w.org\/{rel}","templated":true}]}}