{"id":18321,"date":"2024-02-22T07:04:16","date_gmt":"2024-02-22T07:04:16","guid":{"rendered":"https:\/\/obonjan.hr\/giveaway-terms-and-conditions\/"},"modified":"2024-06-03T12:03:27","modified_gmt":"2024-06-03T12:03:27","slug":"giveaway-terms-and-conditions","status":"publish","type":"page","link":"https:\/\/obonjan.hr\/hr\/giveaway-terms-and-conditions\/","title":{"rendered":"Uvjeti nagradnog natje\u010daja"},"content":{"rendered":"<p>[vc_row full_width=&#8221;stretch_row&#8221; gap=&#8221;0&#8243; enable_row_dividers=&#8221;yes&#8221; row_svg_divider=&#8221;top_shape_height:100|bottom_shape_type:12|bottom_shape_color:%23ffffff|bottom_shape_height:100|bottom_shape_bringtofront:yes&#8221; css=&#8221;.vc_custom_1680263456319{margin-top: -100px !important;margin-bottom: 50px !important;padding-bottom: 100px !important;}&#8221; el_class=&#8221;bottom_wave_animated&#8221;][vc_column][\/vc_column][\/vc_row][vc_row][vc_column][vc_column_text]<\/p>\n<p style=\"text-align: center;\"><b>PRAVILA NAGRADNOG NATJE\u010cAJA<\/b><\/p>\n<p>&nbsp;<\/p>\n<p><b>INSTAGRAM\/FACEBOOK NAGRADNI NATJE\u010cAJ ZA DAN \u017dENA<\/b><b><\/b><\/p>\n<p>Organizator nagradnog natje\u010daja je Obonjan Rivijera d.d., N. Tesle 67, 22000 \u0160ibenik<\/p>\n<p>&nbsp;<\/p>\n<p><b>Trajanje i dinamika natje\u010daja<br \/>\n<\/b><\/p>\n<p>Nagradni natje\u010daj odr\u017eava se na Facebook i Instagram stranici Obonjan Island Resorta od 29.02.2024. do 07.03.2024. do 23:59 sati.<\/p>\n<p>Sudionici nagradnog natje\u010daja na objavu s informacijama o natje\u010daju moraju:<\/p>\n<ul>\n<li><span style=\"font-weight: 400;\">zapratiti Instagram i Facebook stranicu Obonjan Island Resorta,<\/span><\/li>\n<li><span style=\"font-weight: 400;\">prijaviti se na newsletter Obonjan Island Resorta,<\/span><\/li>\n<li><span style=\"font-weight: 400;\">podjeliti objavu na svojem Instagram profilu i<\/span><\/li>\n<li><span style=\"font-weight: 400;\">ozna\u010diti 3 osobe koje bi poveli na putovanje.<\/span><\/li>\n<\/ul>\n<p>&nbsp;<\/p>\n<p><b>Nagrade<\/b><\/p>\n<ul>\n<li style=\"font-weight: 400;\" aria-level=\"1\"><span style=\"font-weight: 400;\">2x no\u0107enja za 4 osobe u Glamping Lodge-u na Obonjan Island Resortu,<\/span><\/li>\n<li style=\"font-weight: 400;\" aria-level=\"1\"><span style=\"font-weight: 400;\">uklju\u010den doru\u010dak,<\/span><\/li>\n<li style=\"font-weight: 400;\" aria-level=\"1\"><span style=\"font-weight: 400;\">uklju\u010den povratni prijevoz brodom iz \u0160ibenika.<\/span><\/li>\n<\/ul>\n<p>Nagrada se mo\u017ee koristiti u periodu od 31.05.-13.06., 07.07.-20.07. te od 24.08.-05.09.<\/p>\n<p>&nbsp;<\/p>\n<p><strong>Pravila nagradnog natje\u010daja<\/strong><\/p>\n<p><span style=\"font-weight: 400;\">Pravo na sudjelovanje u Nagradnom natje\u010daju i pravo na nagradu imaju sve osobe starije od 18 godina u trenutku objave ovog natje\u010daja. Osobe mla\u0111e od 18 godina nemaju pravo sudjelovanja u natje\u010daju i ako se utvrdi da odabrani dobitnik nije po\u0161tivao uvjete natje\u010daja, tj. da nije imao navr\u0161enih 18 godina u trenutku objave natje\u010daja, bit \u0107e isklju\u010den iz natje\u010daja i nagrada mu ne\u0107e biti dodijeljena.<\/span><\/p>\n<p><span style=\"font-weight: 400;\">Organizator natje\u010daja zadr\u017eava pravo prekida nagradnog natje\u010daja u slu\u010daju da do\u0111e do nepredvi\u0111ene situacije na koju Organizator ne mo\u017ee utjecati.<\/span><\/p>\n<p><span style=\"font-weight: 400;\">Sudionici koji ne ispune sve uvjete Nagradnog natje\u010daja, ne\u0107e se uzeti u obzir.<\/span><span style=\"font-weight: 400;\"><br \/>\n<\/span><span style=\"font-weight: 400;\">U Nagradnom natje\u010daju ne mogu sudjelovati zaposlenici Prire\u0111iva\u010da sa svojom u\u017eom obitelji (roditelji, supru\u017enik, djeca, sestre i bra\u0107a).<\/span><\/p>\n<p>&nbsp;<\/p>\n<p><b>Vrijeme progla\u0161enja pobjednice i preuzimanje nagrade<\/b><\/p>\n<p><span style=\"font-weight: 400;\">Pobjednica nagradnog natje\u010daja bit \u0107e ozna\u010dena u komentaru ispod objave nagradnog natje\u010daja 08.03.2024. i u Pri\u010di na Instagram profilu Obonjan Island Resorta, a pobjednica \u0107e se odabrati slu\u010dajnim odabirom.<\/span><\/p>\n<p><span style=\"font-weight: 400;\">Dobitnica mora javiti kontakt podatke kako bi rezervirala \u017eeljene datume boravka. Nagrada se ostvaruje u Obonjan Island Resortu.\u00a0<\/span><\/p>\n<p>&nbsp;<\/p>\n<p><strong>K<\/strong><b>ori\u0161tenje osobnih podataka<\/b><\/p>\n<p><span style=\"font-weight: 400;\">Sudjelovanjem u natje\u010daju sudionik daje svoju izri\u010ditu privolu organizatoru da prikuplja, obra\u0111uje i upotrebljava njegove osobne podatke (ime, prezime, adresu, broj mobitela ili telefona, e-mail adresu) za potrebe provedbe natje\u010daja.<\/span><\/p>\n<p><span style=\"font-weight: 400;\">Prire\u0111iva\u010d \u0107e poduzeti sve razumno potrebne mjere da bi osigurao da se osobni podaci sudionika u nagradnom natje\u010daju obra\u0111uju i koriste na siguran na\u010din i u suglasnosti s primjenjivim zakonodavstvom.<\/span><\/p>\n<p><span style=\"font-weight: 400;\">Osobni podaci prikupljeni u svrhu provedbe ovog Nagradnog natje\u010daja ne\u0107e se koristiti u druge svrhe, osim ako sudionik za to ne da zasebnu privolu.<\/span><\/p>\n<p>&nbsp;<\/p>\n<p><b>Rje\u0161avanje pritu\u017ebi i valjanost pravila<\/b><\/p>\n<p><span style=\"font-weight: 400;\">Sve pritu\u017ebe i reklamacije rje\u0161ava Prire\u0111iva\u010d. U slu\u010daju osnovanih pritu\u017ebi Prire\u0111iva\u010d se obvezuje u \u0161to kra\u0107em vremenu ispraviti nedostatke i o tome obavijestiti sudionika odnosno ako je to potrebno i ostale sudionike.<\/span><\/p>\n<p><span style=\"font-weight: 400;\">Organizator zadr\u017eava pravo na izmjenu pravila ovog natje\u010daja. Sudionici \u0107e o eventualnim izmjenama pravila biti obavije\u0161teni putem Instagram i Facebook stranice Obonjan Island Resorta.<\/span><\/p>\n<p><span style=\"font-weight: 400;\">U slu\u010daju spora izme\u0111u Prire\u0111iva\u010da i sudionika ovog nagradnog natje\u010daja nadle\u017ean je Op\u0107inski gra\u0111anski sud u \u0160ibeniku.<\/span>[\/vc_column_text]<style>.ld_spacer_69d113b261e31{height:64px;}<\/style>\n<div class=\"ld-empty-space ld_spacer_69d113b261e31\"><\/div>[\/vc_column][\/vc_row]<\/p>\n","protected":false},"excerpt":{"rendered":"<p>[vc_row full_width=&#8221;stretch_row&#8221; gap=&#8221;0&#8243; enable_row_dividers=&#8221;yes&#8221; row_svg_divider=&#8221;top_shape_height:100|bottom_shape_type:12|bottom_shape_color:%23ffffff|bottom_shape_height:100|bottom_shape_bringtofront:yes&#8221; css=&#8221;.vc_custom_1680263456319{margin-top: -100px !important;margin-bottom: 50px !important;padding-bottom: 100px !important;}&#8221; el_class=&#8221;bottom_wave_animated&#8221;][vc_column][\/vc_column][\/vc_row][vc_row][vc_column][vc_column_text] PRAVILA NAGRADNOG NATJE\u010cAJA &nbsp; INSTAGRAM\/FACEBOOK NAGRADNI NATJE\u010cAJ ZA DAN \u017dENA Organizator nagradnog natje\u010daja je Obonjan Rivijera d.d., N. Tesle 67, 22000 \u0160ibenik &nbsp; Trajanje i dinamika natje\u010daja Nagradni natje\u010daj odr\u017eava se na Facebook i Instagram stranici Obonjan Island Resorta od 29.02.2024. do [&hellip;]<\/p>\n","protected":false},"author":1,"featured_media":0,"parent":0,"menu_order":0,"comment_status":"closed","ping_status":"closed","template":"","meta":{"footnotes":""},"class_list":["post-18321","page","type-page","status-publish","hentry"],"yoast_head":"<!-- This site is optimized with the Yoast SEO plugin v26.2 - https:\/\/yoast.com\/wordpress\/plugins\/seo\/ -->\n<title>Nagradna igra: odmor u Glamping Lodge-u - Obonjan resort, \u0160ibenik<\/title>\n<meta name=\"description\" content=\"Sudjelujte u nagradnoj igri i osvojite smje\u0161taj za odmor iz snova na otoku u Glamping Lodge-u u Obonjan island resortu.\" \/>\n<meta name=\"robots\" content=\"index, follow, max-snippet:-1, max-image-preview:large, max-video-preview:-1\" \/>\n<link rel=\"canonical\" href=\"https:\/\/obonjan.hr\/hr\/giveaway-terms-and-conditions\/\" \/>\n<meta property=\"og:locale\" content=\"hr_HR\" \/>\n<meta property=\"og:type\" content=\"article\" \/>\n<meta property=\"og:title\" content=\"Nagradna igra: odmor u Glamping Lodge-u - Obonjan resort, \u0160ibenik\" \/>\n<meta property=\"og:description\" content=\"Sudjelujte u nagradnoj igri i osvojite smje\u0161taj za odmor iz snova na otoku u Glamping Lodge-u u Obonjan island resortu.\" \/>\n<meta property=\"og:url\" content=\"https:\/\/obonjan.hr\/hr\/giveaway-terms-and-conditions\/\" \/>\n<meta property=\"og:site_name\" content=\"Obonjan\" \/>\n<meta property=\"article:modified_time\" content=\"2024-06-03T12:03:27+00:00\" \/>\n<meta name=\"twitter:card\" content=\"summary_large_image\" \/>\n<meta name=\"twitter:label1\" content=\"Procijenjeno vrijeme \u010ditanja\" \/>\n\t<meta name=\"twitter:data1\" content=\"3 minute\" \/>\n<script type=\"application\/ld+json\" class=\"yoast-schema-graph\">{\"@context\":\"https:\/\/schema.org\",\"@graph\":[{\"@type\":\"WebPage\",\"@id\":\"https:\/\/obonjan.hr\/hr\/giveaway-terms-and-conditions\/\",\"url\":\"https:\/\/obonjan.hr\/hr\/giveaway-terms-and-conditions\/\",\"name\":\"Nagradna igra: odmor u Glamping Lodge-u - Obonjan resort, \u0160ibenik\",\"isPartOf\":{\"@id\":\"https:\/\/obonjan.hr\/#website\"},\"datePublished\":\"2024-02-22T07:04:16+00:00\",\"dateModified\":\"2024-06-03T12:03:27+00:00\",\"description\":\"Sudjelujte u nagradnoj igri i osvojite smje\u0161taj za odmor iz snova na otoku u Glamping Lodge-u u Obonjan island resortu.\",\"breadcrumb\":{\"@id\":\"https:\/\/obonjan.hr\/hr\/giveaway-terms-and-conditions\/#breadcrumb\"},\"inLanguage\":\"hr\",\"potentialAction\":[{\"@type\":\"ReadAction\",\"target\":[\"https:\/\/obonjan.hr\/hr\/giveaway-terms-and-conditions\/\"]}]},{\"@type\":\"BreadcrumbList\",\"@id\":\"https:\/\/obonjan.hr\/hr\/giveaway-terms-and-conditions\/#breadcrumb\",\"itemListElement\":[{\"@type\":\"ListItem\",\"position\":1,\"name\":\"Home\",\"item\":\"https:\/\/obonjan.hr\/hr\/\"},{\"@type\":\"ListItem\",\"position\":2,\"name\":\"Uvjeti nagradnog natje\u010daja\"}]},{\"@type\":\"WebSite\",\"@id\":\"https:\/\/obonjan.hr\/#website\",\"url\":\"https:\/\/obonjan.hr\/\",\"name\":\"Obonjan\",\"description\":\"\",\"potentialAction\":[{\"@type\":\"SearchAction\",\"target\":{\"@type\":\"EntryPoint\",\"urlTemplate\":\"https:\/\/obonjan.hr\/?s={search_term_string}\"},\"query-input\":{\"@type\":\"PropertyValueSpecification\",\"valueRequired\":true,\"valueName\":\"search_term_string\"}}],\"inLanguage\":\"hr\"}]}<\/script>\n<!-- \/ Yoast SEO plugin. -->","yoast_head_json":{"title":"Nagradna igra: odmor u Glamping Lodge-u - Obonjan resort, \u0160ibenik","description":"Sudjelujte u nagradnoj igri i osvojite smje\u0161taj za odmor iz snova na otoku u Glamping Lodge-u u Obonjan island resortu.","robots":{"index":"index","follow":"follow","max-snippet":"max-snippet:-1","max-image-preview":"max-image-preview:large","max-video-preview":"max-video-preview:-1"},"canonical":"https:\/\/obonjan.hr\/hr\/giveaway-terms-and-conditions\/","og_locale":"hr_HR","og_type":"article","og_title":"Nagradna igra: odmor u Glamping Lodge-u - Obonjan resort, \u0160ibenik","og_description":"Sudjelujte u nagradnoj igri i osvojite smje\u0161taj za odmor iz snova na otoku u Glamping Lodge-u u Obonjan island resortu.","og_url":"https:\/\/obonjan.hr\/hr\/giveaway-terms-and-conditions\/","og_site_name":"Obonjan","article_modified_time":"2024-06-03T12:03:27+00:00","twitter_card":"summary_large_image","twitter_misc":{"Procijenjeno vrijeme \u010ditanja":"3 minute"},"schema":{"@context":"https:\/\/schema.org","@graph":[{"@type":"WebPage","@id":"https:\/\/obonjan.hr\/hr\/giveaway-terms-and-conditions\/","url":"https:\/\/obonjan.hr\/hr\/giveaway-terms-and-conditions\/","name":"Nagradna igra: odmor u Glamping Lodge-u - Obonjan resort, \u0160ibenik","isPartOf":{"@id":"https:\/\/obonjan.hr\/#website"},"datePublished":"2024-02-22T07:04:16+00:00","dateModified":"2024-06-03T12:03:27+00:00","description":"Sudjelujte u nagradnoj igri i osvojite smje\u0161taj za odmor iz snova na otoku u Glamping Lodge-u u Obonjan island resortu.","breadcrumb":{"@id":"https:\/\/obonjan.hr\/hr\/giveaway-terms-and-conditions\/#breadcrumb"},"inLanguage":"hr","potentialAction":[{"@type":"ReadAction","target":["https:\/\/obonjan.hr\/hr\/giveaway-terms-and-conditions\/"]}]},{"@type":"BreadcrumbList","@id":"https:\/\/obonjan.hr\/hr\/giveaway-terms-and-conditions\/#breadcrumb","itemListElement":[{"@type":"ListItem","position":1,"name":"Home","item":"https:\/\/obonjan.hr\/hr\/"},{"@type":"ListItem","position":2,"name":"Uvjeti nagradnog natje\u010daja"}]},{"@type":"WebSite","@id":"https:\/\/obonjan.hr\/#website","url":"https:\/\/obonjan.hr\/","name":"Obonjan","description":"","potentialAction":[{"@type":"SearchAction","target":{"@type":"EntryPoint","urlTemplate":"https:\/\/obonjan.hr\/?s={search_term_string}"},"query-input":{"@type":"PropertyValueSpecification","valueRequired":true,"valueName":"search_term_string"}}],"inLanguage":"hr"}]}},"_links":{"self":[{"href":"https:\/\/obonjan.hr\/hr\/wp-json\/wp\/v2\/pages\/18321","targetHints":{"allow":["GET"]}}],"collection":[{"href":"https:\/\/obonjan.hr\/hr\/wp-json\/wp\/v2\/pages"}],"about":[{"href":"https:\/\/obonjan.hr\/hr\/wp-json\/wp\/v2\/types\/page"}],"author":[{"embeddable":true,"href":"https:\/\/obonjan.hr\/hr\/wp-json\/wp\/v2\/users\/1"}],"replies":[{"embeddable":true,"href":"https:\/\/obonjan.hr\/hr\/wp-json\/wp\/v2\/comments?post=18321"}],"version-history":[{"count":3,"href":"https:\/\/obonjan.hr\/hr\/wp-json\/wp\/v2\/pages\/18321\/revisions"}],"predecessor-version":[{"id":19807,"href":"https:\/\/obonjan.hr\/hr\/wp-json\/wp\/v2\/pages\/18321\/revisions\/19807"}],"wp:attachment":[{"href":"https:\/\/obonjan.hr\/hr\/wp-json\/wp\/v2\/media?parent=18321"}],"curies":[{"name":"wp","href":"https:\/\/api.w.org\/{rel}","templated":true}]}}