{"id":15766,"date":"2023-03-22T12:12:19","date_gmt":"2023-03-22T12:12:19","guid":{"rendered":"https:\/\/obonjan.hr\/sales-policy\/"},"modified":"2024-06-03T12:29:51","modified_gmt":"2024-06-03T12:29:51","slug":"sales-policy","status":"publish","type":"page","link":"https:\/\/obonjan.hr\/hr\/sales-policy\/","title":{"rendered":"Politika prodaje"},"content":{"rendered":"<p>[vc_row full_width=&#8221;stretch_row&#8221; gap=&#8221;0&#8243; enable_row_dividers=&#8221;yes&#8221; row_svg_divider=&#8221;top_shape_height:100|bottom_shape_type:12|bottom_shape_color:%23ffffff|bottom_shape_height:100|bottom_shape_bringtofront:yes&#8221; css=&#8221;.vc_custom_1680263456319{margin-top: -100px !important;margin-bottom: 50px !important;padding-bottom: 100px !important;}&#8221; el_class=&#8221;bottom_wave_animated&#8221;][vc_column][\/vc_column][\/vc_row][vc_row][vc_column][vc_column_text]Zahvaljujemo na va\u0161oj rezervaciji. Obratite pa\u017enju na na\u0161u politiku prodaje:<\/p>\n<p>Vrijeme dolaska je nakon 15:00 sati na dan dolaska.<br \/>\nVrijeme odjave je prije 10:00 na dan odlaska.<br \/>\nKasna odjava mo\u017ee dovesti do dodatnih tro\u0161kova.<br \/>\nKona\u010dni ra\u010duni podmiruju se prilikom odjave.<br \/>\nPotrebna je va\u017ee\u0107a kreditna kartica kao jamstvo rezervacije.<br \/>\nAko \u017eelite izmijeniti ili otkazati potvr\u0111enu rezervaciju, to mo\u017eete u\u010diniti u skladu s Politikom otkazivanja.<\/p>\n<p>Za sve dodatne informacije ne ustru\u010davajte se kontaktirati na\u0161 ured za rezervacije na sljede\u0107u adresu e-po\u0161te: <a href=\"mailto:booking@obonjan.hr\">booking@obonjan.hr<\/a><\/p>\n<p>Obonjan Island Resort zadr\u017eava pravo odbiti, otkazati ili izmijeniti rezervacije ako se \u010dini da gore navedeno sadr\u017ei ili je rezultat neto\u010dnosti ili pogre\u0161ke.<\/p>\n<p>Politika otkazivanja<\/p>\n<p>Rezervacija se zadr\u017eava 24 sata na dan dolaska<br \/>\nU slu\u010daju nedolaska, primjenjujemo naknadu za otkazivanje u iznosu od 100,00 % vrijednosti rezervacije.<br \/>\nU slu\u010daju otkazivanja 300 \u2013 15 dana prije dolaska napla\u0107ujemo naknadu u slu\u010daju otkazivanja u iznosu od 0,00 % vrijednosti rezervacije.<br \/>\nU slu\u010daju otkazivanja 14 \u2013 0 dana prije dolaska napla\u0107ujemo naknadu u slu\u010daju otkazivanja u iznosu od 100,00 % vrijednosti rezervacije.<\/p>\n<p>Prednosti izravne rezervacije<br \/>\nZa\u0161to rezervirati na na\u0161oj slu\u017ebenoj internetskoj stranici? Nudimo zna\u010dajne pogodnosti za izravne rezervacije.<\/p>\n<p>JAMSTVO NAJBOLJE CIJENE<\/p>\n<p>Rezervirate li svoj smje\u0161taj izravno na na\u0161oj internetskoj stranici ili putem na\u0161eg broja za rezervaciju ili e-po\u0161te, jam\u010dimo najbolju cijenu na internetu.<\/p>\n<p>Ukoliko svoju rezervaciju prona\u0111ete na nekoj drugoj stranici po ni\u017eoj cijeni, kontaktirajte nas na <a href=\"mailto:booking@obonjan.hr\">booking@obonjan.hr<\/a>. Snizit \u0107emo na\u0161u cijenu sukladno toj jeftinijoj ponudi ako su primjenjivi sljede\u0107i uvjeti:<br \/>\nKontaktirali ste nas nakon \u0161to ste izvr\u0161ili rezervaciju sa svim pojedinostima o drugoj ponudi, uklju\u010duju\u0107i poveznicu na ponudu na internetskoj stranici te to\u010dnu cijenu koja je navedena.<br \/>\nDrugu ponudu mogu\u0107e je rezervirati putem interneta i dostupna je u vrijeme na\u0161e provjere.<br \/>\nDruga ponuda podlije\u017ee istim uvjetima rezervacije koji su navedeni u va\u0161oj rezervaciji. To zna\u010di sljede\u0107e:<br \/>\nPonuda se odnosi na istu smje\u0161tajnu jedinicu.<br \/>\nPonuda se odnosi na isti tip smje\u0161taja.<br \/>\nPonuda se odnosi na isti period boravka, isti broj gostiju i istu valutu.<br \/>\nPonuda se odnosi na iste uvjete sobe koji uklju\u010duju plan obroka, politiku otkazivanja, ponudu paketa, duljinu boravka itd.<br \/>\nUvjeti va\u0161e rezervacije kod nas i dalje dopu\u0161taju otkazivanja i izmjene bez naknade.<\/p>\n<p>Jamstvo se primjenjuje na ukupnu cijenu tijekom cijelog boravka, a ne na cijenu za jedan ili nekoliko dana tijekom boravka.<br \/>\nAko ne mo\u017eemo prilagoditi na\u0161u cijenu cijeni druge ponude jer je jedan od gore navedenih uvjeta druga\u010diji, i dalje zadr\u017eavate svoju postoje\u0107u rezervaciju \u2013 uklju\u010duju\u0107i politiku otkazivanja.<\/p>\n<p>Na\u0161a ponuda Jamstvo najbolje cijene nije primjenjiva u sljede\u0107im slu\u010dajevima:<\/p>\n<p>Rezervaciju ste izvr\u0161ili putem internetske stranice koja sve do izvr\u0161enja rezervacije ne prikazuje smje\u0161tajnu jedinicu u kojoj \u0107ete odsjesti ili ne prikazuje tip smje\u0161taja.<br \/>\nRezervaciju ste izvr\u0161ili koriste\u0107i posebne cijene za \u010dlanove, posebne cijene za \u010deste korisnike, bodove vjernosti ili bilo koji program nagra\u0111ivanja.<br \/>\nNiste nam se javili vi\u0161e od 15 dana prije va\u0161eg dolaska.<\/p>\n<p>REZERVIRAJTE SADA I PLATITE KASNIJE<br \/>\nPrilikom rezervacije smje\u0161taja nema pla\u0107anja unaprijed. Pla\u0107ate tek u trenutku odlaska s otoka.<\/p>\n<p>BESPLATNO OTKAZIVANJE<br \/>\nSve rezervacije mogu se promijeniti ili otkazati bez naknade do 15 dana prije planiranog dolaska kako bismo vam pru\u017eili \u0161to je vi\u0161e fleksibilnosti mogu\u0107e.<\/p>\n<p>JAMSTVO NAJBOLJE CIJENE<br \/>\nRezervirajte izravno na na\u0161oj internetskoj stranici, putem na\u0161eg broja za rezervacije ili putem e-po\u0161te, a mi jam\u010dimo najbolju cijenu na internetu.<\/p>\n<p>BEZBRI\u017dAN BORAVAK<br \/>\nMedicinska skrb na otoku dostupna je tijekom cijele sezone za hitna i druga akutna zdravstvena stanja.<\/p>\n<p>REZERVIRAJTE SADA I PLATITE KASNIJE<br \/>\nPrilikom rezervacije smje\u0161taja nema pla\u0107anja unaprijed. Pla\u0107ate tek u trenutku odlaska s otoka.<\/p>\n<p>BESPLATNO OTKAZIVANJE<br \/>\nSve rezervacije mogu se promijeniti ili otkazati bez naknade do 15 dana prije planiranog dolaska kako bismo vam pru\u017eili \u0161to je vi\u0161e fleksibilnosti mogu\u0107e.[\/vc_column_text]<style>.ld_spacer_69e3259483a6a{height:64px;}<\/style>\n<div class=\"ld-empty-space ld_spacer_69e3259483a6a\"><\/div>[\/vc_column][\/vc_row]<\/p>\n","protected":false},"excerpt":{"rendered":"<p>[vc_row full_width=&#8221;stretch_row&#8221; gap=&#8221;0&#8243; enable_row_dividers=&#8221;yes&#8221; row_svg_divider=&#8221;top_shape_height:100|bottom_shape_type:12|bottom_shape_color:%23ffffff|bottom_shape_height:100|bottom_shape_bringtofront:yes&#8221; css=&#8221;.vc_custom_1680263456319{margin-top: -100px !important;margin-bottom: 50px !important;padding-bottom: 100px !important;}&#8221; el_class=&#8221;bottom_wave_animated&#8221;][vc_column][\/vc_column][\/vc_row][vc_row][vc_column][vc_column_text]Zahvaljujemo na va\u0161oj rezervaciji. Obratite pa\u017enju na na\u0161u politiku prodaje: Vrijeme dolaska je nakon 15:00 sati na dan dolaska. Vrijeme odjave je prije 10:00 na dan odlaska. Kasna odjava mo\u017ee dovesti do dodatnih tro\u0161kova. Kona\u010dni ra\u010duni podmiruju se prilikom odjave. Potrebna je va\u017ee\u0107a [&hellip;]<\/p>\n","protected":false},"author":1,"featured_media":0,"parent":0,"menu_order":0,"comment_status":"closed","ping_status":"closed","template":"","meta":{"footnotes":""},"class_list":["post-15766","page","type-page","status-publish","hentry"],"yoast_head":"<!-- This site is optimized with the Yoast SEO plugin v27.3 - https:\/\/yoast.com\/product\/yoast-seo-wordpress\/ -->\n<title>Politika prodaje - Obonjan resort<\/title>\n<meta name=\"description\" content=\"Politika prodaje - informacije vezane uz besplatno otkazivanje, vrijeme dolaska i odlaska, jamstvo najbolje cijene smje\u0161taja u Obonjan Island Resortu.\" \/>\n<meta name=\"robots\" content=\"index, follow, max-snippet:-1, max-image-preview:large, max-video-preview:-1\" \/>\n<link rel=\"canonical\" href=\"https:\/\/obonjan.hr\/hr\/sales-policy\/\" \/>\n<meta property=\"og:locale\" content=\"hr_HR\" \/>\n<meta property=\"og:type\" content=\"article\" \/>\n<meta property=\"og:title\" content=\"Politika prodaje - Obonjan resort\" \/>\n<meta property=\"og:description\" content=\"Politika prodaje - informacije vezane uz besplatno otkazivanje, vrijeme dolaska i odlaska, jamstvo najbolje cijene smje\u0161taja u Obonjan Island Resortu.\" \/>\n<meta property=\"og:url\" content=\"https:\/\/obonjan.hr\/hr\/sales-policy\/\" \/>\n<meta property=\"og:site_name\" content=\"Obonjan\" \/>\n<meta property=\"article:modified_time\" content=\"2024-06-03T12:29:51+00:00\" \/>\n<meta name=\"twitter:card\" content=\"summary_large_image\" \/>\n<meta name=\"twitter:label1\" content=\"Procijenjeno vrijeme \u010ditanja\" \/>\n\t<meta name=\"twitter:data1\" content=\"3 minute\" \/>\n<script type=\"application\/ld+json\" class=\"yoast-schema-graph\">{\"@context\":\"https:\\\/\\\/schema.org\",\"@graph\":[{\"@type\":\"WebPage\",\"@id\":\"https:\\\/\\\/obonjan.hr\\\/hr\\\/sales-policy\\\/\",\"url\":\"https:\\\/\\\/obonjan.hr\\\/hr\\\/sales-policy\\\/\",\"name\":\"Politika prodaje - Obonjan resort\",\"isPartOf\":{\"@id\":\"https:\\\/\\\/obonjan.hr\\\/#website\"},\"datePublished\":\"2023-03-22T12:12:19+00:00\",\"dateModified\":\"2024-06-03T12:29:51+00:00\",\"description\":\"Politika prodaje - informacije vezane uz besplatno otkazivanje, vrijeme dolaska i odlaska, jamstvo najbolje cijene smje\u0161taja u Obonjan Island Resortu.\",\"breadcrumb\":{\"@id\":\"https:\\\/\\\/obonjan.hr\\\/hr\\\/sales-policy\\\/#breadcrumb\"},\"inLanguage\":\"hr\",\"potentialAction\":[{\"@type\":\"ReadAction\",\"target\":[\"https:\\\/\\\/obonjan.hr\\\/hr\\\/sales-policy\\\/\"]}]},{\"@type\":\"BreadcrumbList\",\"@id\":\"https:\\\/\\\/obonjan.hr\\\/hr\\\/sales-policy\\\/#breadcrumb\",\"itemListElement\":[{\"@type\":\"ListItem\",\"position\":1,\"name\":\"Home\",\"item\":\"https:\\\/\\\/obonjan.hr\\\/hr\\\/\"},{\"@type\":\"ListItem\",\"position\":2,\"name\":\"Politika prodaje\"}]},{\"@type\":\"WebSite\",\"@id\":\"https:\\\/\\\/obonjan.hr\\\/#website\",\"url\":\"https:\\\/\\\/obonjan.hr\\\/\",\"name\":\"Obonjan\",\"description\":\"\",\"potentialAction\":[{\"@type\":\"SearchAction\",\"target\":{\"@type\":\"EntryPoint\",\"urlTemplate\":\"https:\\\/\\\/obonjan.hr\\\/?s={search_term_string}\"},\"query-input\":{\"@type\":\"PropertyValueSpecification\",\"valueRequired\":true,\"valueName\":\"search_term_string\"}}],\"inLanguage\":\"hr\"}]}<\/script>\n<!-- \/ Yoast SEO plugin. -->","yoast_head_json":{"title":"Politika prodaje - Obonjan resort","description":"Politika prodaje - informacije vezane uz besplatno otkazivanje, vrijeme dolaska i odlaska, jamstvo najbolje cijene smje\u0161taja u Obonjan Island Resortu.","robots":{"index":"index","follow":"follow","max-snippet":"max-snippet:-1","max-image-preview":"max-image-preview:large","max-video-preview":"max-video-preview:-1"},"canonical":"https:\/\/obonjan.hr\/hr\/sales-policy\/","og_locale":"hr_HR","og_type":"article","og_title":"Politika prodaje - Obonjan resort","og_description":"Politika prodaje - informacije vezane uz besplatno otkazivanje, vrijeme dolaska i odlaska, jamstvo najbolje cijene smje\u0161taja u Obonjan Island Resortu.","og_url":"https:\/\/obonjan.hr\/hr\/sales-policy\/","og_site_name":"Obonjan","article_modified_time":"2024-06-03T12:29:51+00:00","twitter_card":"summary_large_image","twitter_misc":{"Procijenjeno vrijeme \u010ditanja":"3 minute"},"schema":{"@context":"https:\/\/schema.org","@graph":[{"@type":"WebPage","@id":"https:\/\/obonjan.hr\/hr\/sales-policy\/","url":"https:\/\/obonjan.hr\/hr\/sales-policy\/","name":"Politika prodaje - Obonjan resort","isPartOf":{"@id":"https:\/\/obonjan.hr\/#website"},"datePublished":"2023-03-22T12:12:19+00:00","dateModified":"2024-06-03T12:29:51+00:00","description":"Politika prodaje - informacije vezane uz besplatno otkazivanje, vrijeme dolaska i odlaska, jamstvo najbolje cijene smje\u0161taja u Obonjan Island Resortu.","breadcrumb":{"@id":"https:\/\/obonjan.hr\/hr\/sales-policy\/#breadcrumb"},"inLanguage":"hr","potentialAction":[{"@type":"ReadAction","target":["https:\/\/obonjan.hr\/hr\/sales-policy\/"]}]},{"@type":"BreadcrumbList","@id":"https:\/\/obonjan.hr\/hr\/sales-policy\/#breadcrumb","itemListElement":[{"@type":"ListItem","position":1,"name":"Home","item":"https:\/\/obonjan.hr\/hr\/"},{"@type":"ListItem","position":2,"name":"Politika prodaje"}]},{"@type":"WebSite","@id":"https:\/\/obonjan.hr\/#website","url":"https:\/\/obonjan.hr\/","name":"Obonjan","description":"","potentialAction":[{"@type":"SearchAction","target":{"@type":"EntryPoint","urlTemplate":"https:\/\/obonjan.hr\/?s={search_term_string}"},"query-input":{"@type":"PropertyValueSpecification","valueRequired":true,"valueName":"search_term_string"}}],"inLanguage":"hr"}]}},"_links":{"self":[{"href":"https:\/\/obonjan.hr\/hr\/wp-json\/wp\/v2\/pages\/15766","targetHints":{"allow":["GET"]}}],"collection":[{"href":"https:\/\/obonjan.hr\/hr\/wp-json\/wp\/v2\/pages"}],"about":[{"href":"https:\/\/obonjan.hr\/hr\/wp-json\/wp\/v2\/types\/page"}],"author":[{"embeddable":true,"href":"https:\/\/obonjan.hr\/hr\/wp-json\/wp\/v2\/users\/1"}],"replies":[{"embeddable":true,"href":"https:\/\/obonjan.hr\/hr\/wp-json\/wp\/v2\/comments?post=15766"}],"version-history":[{"count":5,"href":"https:\/\/obonjan.hr\/hr\/wp-json\/wp\/v2\/pages\/15766\/revisions"}],"predecessor-version":[{"id":19813,"href":"https:\/\/obonjan.hr\/hr\/wp-json\/wp\/v2\/pages\/15766\/revisions\/19813"}],"wp:attachment":[{"href":"https:\/\/obonjan.hr\/hr\/wp-json\/wp\/v2\/media?parent=15766"}],"curies":[{"name":"wp","href":"https:\/\/api.w.org\/{rel}","templated":true}]}}