{"id":22050,"date":"2025-03-18T10:57:14","date_gmt":"2025-03-18T10:57:14","guid":{"rendered":"https:\/\/obonjan.hr\/plan-an-event\/"},"modified":"2025-03-18T10:57:14","modified_gmt":"2025-03-18T10:57:14","slug":"plan-an-event","status":"publish","type":"page","link":"https:\/\/obonjan.hr\/cs\/plan-an-event\/","title":{"rendered":"Plan an Event"},"content":{"rendered":"<p>[vc_row][vc_column]<style>.ld_spacer_69f06c4989cc6{height:1px;}@media (min-width: 1200px) { .ld_spacer_69f06c4989cc6{height:110px};}<\/style>\n<div class=\"ld-empty-space vc_hidden-sm vc_hidden-md ld_spacer_69f06c4989cc6\"><\/div><style>.ld_spacer_69f06c4989f2f{height:50px;}<\/style>\n<div class=\"ld-empty-space ld_spacer_69f06c4989f2f\"><\/div><style>.ld_fancy_heading_69f06c498a234 h2{color:#204e9a;}.ld_fancy_heading_69f06c498a234 .lqd-highlight-inner{height:0.275em!important;bottom:0px!important;}<\/style><div class=\"ld-fancy-heading text-center ld_fancy_heading_69f06c498a234\">\n\t<h2 class=\"ld-fh-element lqd-highlight-underline lqd-highlight-grow-left text-decoration-default\"   >  Plan an Event With Us!<\/h2><\/div><style>.ld_spacer_69f06c49919a7{height:16px;}<\/style>\n<div class=\"ld-empty-space ld_spacer_69f06c49919a7\"><\/div><style>.ld_fancy_heading_69f06c4991de3 h3{color:#204e9a;}.ld_fancy_heading_69f06c4991de3 .lqd-highlight-inner{height:0.275em!important;bottom:0px!important;}<\/style><div class=\"ld-fancy-heading text-center blue ld_fancy_heading_69f06c4991de3\">\n\t<h3 class=\"ld-fh-element lqd-highlight-underline lqd-highlight-grow-left text-decoration-default\"   >  Consult With Our Team and Start Planning!<\/h3><\/div><style>.ld_spacer_69f06c4993f7b{height:16px;}<\/style>\n<div class=\"ld-empty-space ld_spacer_69f06c4993f7b\"><\/div>[vc_column_text el_class=&#8220;blue&#8220;]<\/p>\n<p style=\"text-align: center;\">Send us your request and we will contact you with a tailor-made offer in accordance with your requirements.<\/p>\n<p>[\/vc_column_text]<style>.ld_spacer_69f06c49941f9{height:50px;}<\/style>\n<div class=\"ld-empty-space ld_spacer_69f06c49941f9\"><\/div>[vc_row_inner][vc_column_inner el_class=&#8220;plan_event_form&#8220;][vc_column_text]\n<div class=\"wpcf7 no-js\" id=\"wpcf7-f22008-o1\" lang=\"en-US\" dir=\"ltr\" data-wpcf7-id=\"22008\">\n<div class=\"screen-reader-response\"><p role=\"status\" aria-live=\"polite\" aria-atomic=\"true\"><\/p> <ul><\/ul><\/div>\n<form action=\"\/cs\/wp-json\/wp\/v2\/pages\/22050#wpcf7-f22008-o1\" method=\"post\" class=\"wpcf7-form init\" aria-label=\"Contact form\" novalidate=\"novalidate\" data-status=\"init\">\n<fieldset class=\"hidden-fields-container\"><input type=\"hidden\" name=\"_wpcf7\" value=\"22008\" \/><input type=\"hidden\" name=\"_wpcf7_version\" value=\"6.1.5\" \/><input type=\"hidden\" name=\"_wpcf7_locale\" value=\"en_US\" \/><input type=\"hidden\" name=\"_wpcf7_unit_tag\" value=\"wpcf7-f22008-o1\" \/><input type=\"hidden\" name=\"_wpcf7_container_post\" value=\"0\" \/><input type=\"hidden\" name=\"_wpcf7_posted_data_hash\" value=\"\" \/><input type=\"hidden\" name=\"_wpcf7_recaptcha_response\" value=\"\" \/>\n<\/fieldset>\n<p><script>\njQuery(document).ready(function($){\n $('.checkin_input').datepicker();\n$('input[name=\"datefrom\"]').on('change', function(){\n var d = $(this).datepicker( 'getDate' ) || new Date();\n $('input[name=\"dateto\"]').datepicker(\"option\", \"minDate\", d); \n }).trigger('change');\n});\n<\/script>\n<\/p>\n<div class=\"plan_event_form_holder\">\n\t<div class=\"event_form_1-3\">\n\t\t<p><label> TITLE<br \/>\n<span class=\"wpcf7-form-control-wrap\" data-name=\"titles\"><select class=\"wpcf7-form-control wpcf7-select\" aria-invalid=\"false\" name=\"titles\"><option value=\"Select\">Select<\/option><option value=\"Mr.\">Mr.<\/option><option value=\"Mrs.\">Mrs.<\/option><option value=\"Ms.\">Ms.<\/option><option value=\"Prefer not to say\">Prefer not to say<\/option><\/select><\/span> <\/label>\n\t\t<\/p>\n\t<\/div>\n\t<div class=\"event_form_1-3\">\n\t\t<p><label> FIRST NAME *<br \/>\n<span class=\"wpcf7-form-control-wrap\" data-name=\"first-name\"><input size=\"40\" maxlength=\"400\" class=\"wpcf7-form-control wpcf7-text wpcf7-validates-as-required\" aria-required=\"true\" aria-invalid=\"false\" placeholder=\"First name\" value=\"\" type=\"text\" name=\"first-name\" \/><\/span> <\/label>\n\t\t<\/p>\n\t<\/div>\n\t<div class=\"event_form_1-3\">\n\t\t<p><label> LAST NAME *<br \/>\n<span class=\"wpcf7-form-control-wrap\" data-name=\"last-name\"><input size=\"40\" maxlength=\"400\" class=\"wpcf7-form-control wpcf7-text wpcf7-validates-as-required\" aria-required=\"true\" aria-invalid=\"false\" placeholder=\"Last name\" value=\"\" type=\"text\" name=\"last-name\" \/><\/span> <\/label>\n\t\t<\/p>\n\t<\/div>\n\t<div class=\"event_form_1-3\">\n\t\t<p><label> COUNTRY *<br \/>\n<span class=\"wpcf7-form-control-wrap\" data-name=\"country\"><input size=\"40\" maxlength=\"400\" class=\"wpcf7-form-control wpcf7-text wpcf7-validates-as-required\" aria-required=\"true\" aria-invalid=\"false\" placeholder=\"Your country\" value=\"\" type=\"text\" name=\"country\" \/><\/span> <\/label>\n\t\t<\/p>\n\t<\/div>\n\t<div class=\"event_form_1-3\">\n\t\t<p><label> TELEPHONE<br \/>\n<span class=\"wpcf7-form-control-wrap\" data-name=\"phone\"><input size=\"40\" maxlength=\"400\" class=\"wpcf7-form-control wpcf7-text\" aria-invalid=\"false\" placeholder=\"Your phone number\" value=\"\" type=\"text\" name=\"phone\" \/><\/span> <\/label>\n\t\t<\/p>\n\t<\/div>\n\t<div class=\"event_form_1-3\">\n\t\t<p><label> EMAIL *<br \/>\n<span class=\"wpcf7-form-control-wrap\" data-name=\"your-email\"><input size=\"40\" maxlength=\"400\" class=\"wpcf7-form-control wpcf7-email wpcf7-validates-as-required wpcf7-text wpcf7-validates-as-email\" aria-required=\"true\" aria-invalid=\"false\" placeholder=\"Your email\" value=\"\" type=\"email\" name=\"your-email\" \/><\/span> <\/label>\n\t\t<\/p>\n\t<\/div>\n\t<div class=\"event_form_1-3\">\n\t\t<p><label> WHAT TYPE OF EVENT ARE YOU HOSTING?<br \/>\n<span class=\"wpcf7-form-control-wrap\" data-name=\"type\"><select class=\"wpcf7-form-control wpcf7-select\" aria-invalid=\"false\" name=\"type\"><option value=\"Select\">Select<\/option><option value=\"Meetings\">Meetings<\/option><option value=\"Conferences\">Conferences<\/option><option value=\"Festivals \/ Concerts\">Festivals \/ Concerts<\/option><option value=\"Team Building\/Incentives\">Team Building\/Incentives<\/option><option value=\"Other\">Other<\/option><\/select><\/span> <\/label>\n\t\t<\/p>\n\t<\/div>\n\t<div class=\"event_form_1-3\">\n\t\t<p><label> IS THE DATE FLEXIBLE<br \/>\n<span class=\"wpcf7-form-control-wrap\" data-name=\"flexible\"><select class=\"wpcf7-form-control wpcf7-select\" aria-invalid=\"false\" name=\"flexible\"><option value=\"Select\">Select<\/option><option value=\"Yes\">Yes<\/option><option value=\"No\">No<\/option><\/select><\/span> <\/label>\n\t\t<\/p>\n\t<\/div>\n\t<div class=\"event_form_1-3\">\n\t\t<p><label> NUMBER OF PEOPLE ATTENDING THE EVENT?<br \/>\n<span class=\"wpcf7-form-control-wrap\" data-name=\"people\"><input size=\"40\" maxlength=\"400\" class=\"wpcf7-form-control wpcf7-text\" aria-invalid=\"false\" placeholder=\"Enter number\" value=\"\" type=\"text\" name=\"people\" \/><\/span> <\/label>\n\t\t<\/p>\n\t<\/div>\n\t<div class=\"event_form_3-3\">\n\t\t<p><label> SELECT THE DATES OF YOUR EVENT *<\/label>\n\t\t<\/p>\n\t\t<div class=\"event_form_flex\">\n\t\t\t<div class=\"event_form_1-2\">\n\t\t\t\t<p><span class=\"wpcf7-form-control-wrap\" data-name=\"datefrom\"><input size=\"40\" maxlength=\"400\" class=\"wpcf7-form-control wpcf7-text wpcf7-validates-as-required checkin_input\" aria-required=\"true\" aria-invalid=\"false\" placeholder=\"Arrival\" value=\"\" type=\"text\" name=\"datefrom\" \/><\/span>\n\t\t\t\t<\/p>\n\t\t\t<\/div>\n\t\t\t<div class=\"event_form_1-2\">\n\t\t\t\t<p><span class=\"wpcf7-form-control-wrap\" data-name=\"dateto\"><input size=\"40\" maxlength=\"400\" class=\"wpcf7-form-control wpcf7-text wpcf7-validates-as-required checkin_input\" aria-required=\"true\" aria-invalid=\"false\" placeholder=\"Departure\" value=\"\" type=\"text\" name=\"dateto\" \/><\/span>\n\t\t\t\t<\/p>\n\t\t\t<\/div>\n\t\t<\/div>\n\t<\/div>\n\t<div class=\"event_form_3-3\">\n\t\t<p><label> ADDITIONAL MESSAGE<br \/>\n<span class=\"wpcf7-form-control-wrap\" data-name=\"message\"><textarea cols=\"40\" rows=\"10\" maxlength=\"2000\" class=\"wpcf7-form-control wpcf7-textarea\" aria-invalid=\"false\" placeholder=\"Add optional message\" name=\"message\"><\/textarea><\/span> <\/label>\n\t\t<\/p>\n\t<\/div>\n\t<div class=\"event_form_3-3\">\n\t\t<p style=\"font-weight: 700;font-size: 16px;color: #204E9A;line-height: 22px; margin:15px 0 15px 0; \">RECEIVE NEWS & OFFERS\n\t\t<\/p>\n\t\t<p style=\"font-size: 15px; line-height: 22px; color:black; margin:0 ;\">By checking the box below you are granting explicit consent to contact you via email, direct mail, and by internet from Obonjan Island Resort. You may unsubscribe at any time by clicking the 'Unsubscribe' button in our emails.\n\t\t<\/p>\n\t\t<div class=\"checkbox\">\n\t\t\t<p><label><span class=\"wpcf7-form-control-wrap\" data-name=\"newsletter\"><span class=\"wpcf7-form-control wpcf7-checkbox\"><span class=\"wpcf7-list-item first last\"><input type=\"checkbox\" name=\"newsletter[]\" value=\"I would like to sign up for email news and offers.\" \/><span class=\"wpcf7-list-item-label\">I would like to sign up for email news and offers.<\/span><\/span><\/span><\/span><\/label>\n\t\t\t<\/p>\n\t\t<\/div>\n\t<\/div>\n\t<div class=\"centered\">\n\t\t<p><input class=\"wpcf7-form-control wpcf7-submit has-spinner o_btn\" type=\"submit\" value=\"SUBMIT\" \/>\n\t\t<\/p>\n\t<\/div>\n<\/div><input type='hidden' class='wpcf7-pum' value='{\"closepopup\":false,\"closedelay\":0,\"openpopup\":false,\"openpopup_id\":0}' \/><div class=\"wpcf7-response-output\" aria-hidden=\"true\"><\/div>\n<\/form>\n<\/div>\n[\/vc_column_text][\/vc_column_inner][\/vc_row_inner]<style>.ld_spacer_69f06c499fa18{height:50px;}<\/style>\n<div class=\"ld-empty-space ld_spacer_69f06c499fa18\"><\/div><style>.ld_spacer_69f06c499fc68{height:50px;}<\/style>\n<div class=\"ld-empty-space ld_spacer_69f06c499fc68\"><\/div>[\/vc_column][\/vc_row][vc_row full_width=&#8220;stretch_row&#8220; gap=&#8220;0&#8243;][vc_column][vc_single_image image=&#8220;21933&#8243; css=&#8220;.vc_custom_1742819778744{margin-bottom: 0px !important;}&#8220;][\/vc_column][\/vc_row][vc_row enable_gradient=&#8220;yes&#8220; gradient_bg=&#8220;-webkit-linear-gradient(0deg, rgb(32, 78, 154) 0.990099%, rgb(71, 127, 194) 99.3399%)&#8220;][vc_column]<style>.ld_spacer_69f06c499fde5{height:50px;}<\/style>\n<div class=\"ld-empty-space ld_spacer_69f06c499fde5\"><\/div><style>.ld_fancy_heading_69f06c49a0066 h2{color:rgb(255, 255, 255);}.ld_fancy_heading_69f06c49a0066 .lqd-highlight-inner{height:0.275em!important;bottom:0px!important;}<\/style><div class=\"ld-fancy-heading text-center ld_fancy_heading_69f06c49a0066\">\n\t<h2 class=\"ld-fh-element lqd-highlight-underline lqd-highlight-grow-left text-decoration-default\"   >  Get in Touch!<\/h2><\/div><style>.ld_fancy_heading_69f06c49a0bf6 h3{color:rgb(255, 255, 255);}.ld_fancy_heading_69f06c49a0bf6 .lqd-highlight-inner{height:0.275em!important;bottom:0px!important;}<\/style><div class=\"ld-fancy-heading text-center blue ld_fancy_heading_69f06c49a0bf6\">\n\t<h3 class=\"ld-fh-element lqd-highlight-underline lqd-highlight-grow-left text-decoration-default\"   >  Obonjan MICE Team Information<\/h3><\/div><style>.ld_spacer_69f06c49a10f2{height:16px;}<\/style>\n<div class=\"ld-empty-space ld_spacer_69f06c49a10f2\"><\/div>[vc_column_text el_class=&#8220;white&#8220;]<\/p>\n<p style=\"text-align: center;\">We create memorable experiences and unique events into unforgettable island experiences.<br \/>\n<strong>Are you planning an event, a conference, a festival or any other type of meeting?<\/strong><br \/>\n<strong>Contact us and we will be happy to assist you!<\/strong><\/p>\n<p>[\/vc_column_text]<style>.ld_spacer_69f06c49a130b{height:16px;}<\/style>\n<div class=\"ld-empty-space ld_spacer_69f06c49a130b\"><\/div>[vc_column_text el_class=&#8220;white&#8220;]<\/p>\n<p style=\"text-align: center;\"><a href=\"mailto:events@obonjan.hr\"><strong>events@obonjan.hr<\/strong><\/a><\/p>\n<p style=\"text-align: center;\"><a href=\"tel:+385995247382\"><strong>+385 99 524 7382<\/strong><\/a><\/p>\n<p style=\"text-align: center;\"><strong>Obonjan Island, 22000 \u0160ibenik, Croatia<\/strong><\/p>\n<p>[\/vc_column_text]<style>.ld_spacer_69f06c49a1484{height:50px;}<\/style>\n<div class=\"ld-empty-space ld_spacer_69f06c49a1484\"><\/div>[vc_row_inner el_class=&#8220;centered&#8220;][vc_column_inner]<style>.ld_button_69f06c49a1736.btn-icon-solid .btn-icon{background:rgb(0, 189, 184);}.ld_button_69f06c49a1736.btn-icon-circle.btn-icon-ripple .btn-icon:before{border-color:rgb(0, 189, 184);}.ld_button_69f06c49a1736 .btn-icon{color:rgb(255, 255, 255);}.ld_button_69f06c49a1736{background-color:rgb(0, 189, 184);border-color:rgb(0, 189, 184);}.ld_button_69f06c49a1736:hover{background-color:#204e9a;border-color:#204e9a;}.ld_button_69f06c49a1736 .btn-gradient-bg{background:-webkit-linear-gradient(to right, rgb(0, 189, 184) 0%, #00bdb8 100%);background:linear-gradient(to right, rgb(0, 189, 184) 0%, #00bdb8 100%);}.ld_button_69f06c49a1736 .btn-gradient-bg-hover{background:-webkit-linear-gradient(to right, #204e9a 0%, #204e9a 100%);background:linear-gradient(to right, #204e9a 0%, #204e9a 100%);}.ld_button_69f06c49a1736 .btn-gradient-border defs stop:first-child{stop-color:rgb(0, 189, 184);}.ld_button_69f06c49a1736 .btn-gradient-border defs stop:last-child{stop-color:#00bdb8;}.ld_button_69f06c49a1736:hover .btn-gradient-border defs stop:first-child{stop-color:#204e9a;}.ld_button_69f06c49a1736:hover .btn-gradient-border defs stop:last-child{stop-color:#204e9a;}.ld_button_69f06c49a1736 {font-size:16; } .ld_button_69f06c49a1736 {font-size:16; } <\/style><a href=\"\/events-meetings\/\" title=\"MICE\" class=\"btn btn-solid text-uppercase btn-md circle border-none btn-gradient btn-icon-left btn-has-label o_btn dwnld ld_button_69f06c49a1736\" >\n\t<span>\n\t<span class=\"btn-gradient-bg\"><\/span>\n\t\t\t\t\t<span class=\"btn-txt\" data-text=\"Back to MICE Homepage\" >Back to MICE Homepage<\/span>\n\t\t\n\t<span class=\"btn-icon\"><i class=\"fas fa-angle-left\"><\/i><\/span>\t\t<span class=\"btn-gradient-bg btn-gradient-bg-hover\"><\/span>\t\t<\/span>\n<\/a>\n[\/vc_column_inner][\/vc_row_inner]<style>.ld_spacer_69f06c49a2a51{height:50px;}<\/style>\n<div class=\"ld-empty-space ld_spacer_69f06c49a2a51\"><\/div>[\/vc_column][\/vc_row][vc_row full_width=&#8220;stretch_row&#8220; gap=&#8220;0&#8243; css=&#8220;.vc_custom_1742891438591{background-color: #3a6eb4 !important;}&#8220;][vc_column][vc_raw_html css=&#8220;.vc_custom_1742891292329{margin-bottom: 0px !important;border-bottom-width: 0px !important;padding-bottom: 0px !important;}&#8220;]JTNDaWZyYW1lJTIwc2FuZGJveCUzRCUyMmFsbG93LXNjcmlwdHMlMjBhbGxvdy1wb3B1cHMlMjIlMjAlMjBzcmMlM0QlMjJodHRwcyUzQSUyRiUyRnd3dy5nb29nbGUuY29tJTJGbWFwcyUyRmVtYmVkJTNGcGIlM0QlMjExbTE4JTIxMW0xMiUyMTFtMyUyMTFkMTg0NjI1LjA2ODU4MDAzMjM4JTIxMmQxNS42MzY4Mzg2Nzc1NDQzMDIlMjEzZDQzLjY5NDYxMzQ2OTMwNTg4JTIxMm0zJTIxMWYwJTIxMmYwJTIxM2YwJTIxM20yJTIxMWkxMDI0JTIxMmk3NjglMjE0ZjEzLjElMjEzbTMlMjExbTIlMjExczB4MTMzNTI3NTY4ZTYyYzViZiUyNTNBMHgxNjM1NDAyN2VlYTY3MGFhJTIxMnNPYm9uamFuJTI1MjBJc2xhbmQlMjUyMFJlc29ydCUyMTVlMCUyMTNtMiUyMTFzaHIlMjEyc2hyJTIxNHYxNzQyODkxMTc4OTc5JTIxNW0yJTIxMXNociUyMTJzaHIlMjIlMjB3aWR0aCUzRCUyMjEwMCUyNSUyMiUyMGhlaWdodCUzRCUyMjQ1MCUyMiUyMHN0eWxlJTNEJTIyYm9yZGVyJTNBMCUzQiUyMiUyMGFsbG93ZnVsbHNjcmVlbiUzRCUyMiUyMiUyMGxvYWRpbmclM0QlMjJsYXp5JTIyJTIwcmVmZXJyZXJwb2xpY3klM0QlMjJuby1yZWZlcnJlci13aGVuLWRvd25ncmFkZSUyMiUzRSUzQyUyRmlmcmFtZSUzRQ==[\/vc_raw_html][\/vc_column][\/vc_row]<\/p>\n","protected":false},"excerpt":{"rendered":"<p>[vc_row][vc_column][vc_column_text el_class=&#8220;blue&#8220;] Send us your request and we will contact you with a tailor-made offer in accordance with your requirements. [\/vc_column_text][vc_row_inner][vc_column_inner el_class=&#8220;plan_event_form&#8220;][vc_column_text][\/vc_column_text][\/vc_column_inner][\/vc_row_inner][\/vc_column][\/vc_row][vc_row full_width=&#8220;stretch_row&#8220; gap=&#8220;0&#8243;][vc_column][vc_single_image image=&#8220;21933&#8243; css=&#8220;.vc_custom_1742819778744{margin-bottom: 0px !important;}&#8220;][\/vc_column][\/vc_row][vc_row enable_gradient=&#8220;yes&#8220; gradient_bg=&#8220;-webkit-linear-gradient(0deg, rgb(32, 78, 154) 0.990099%, rgb(71, 127, 194) 99.3399%)&#8220;][vc_column][vc_column_text el_class=&#8220;white&#8220;] We create memorable experiences and unique events into unforgettable island experiences. Are you planning an event, [&hellip;]<\/p>\n","protected":false},"author":1,"featured_media":0,"parent":0,"menu_order":0,"comment_status":"closed","ping_status":"closed","template":"","meta":{"footnotes":""},"class_list":["post-22050","page","type-page","status-publish","hentry"],"yoast_head":"<!-- This site is optimized with the Yoast SEO plugin v27.3 - https:\/\/yoast.com\/product\/yoast-seo-wordpress\/ -->\n<title>Plan an Event - Obonjan<\/title>\n<meta name=\"robots\" content=\"index, follow, max-snippet:-1, max-image-preview:large, max-video-preview:-1\" \/>\n<link rel=\"canonical\" href=\"https:\/\/obonjan.hr\/cs\/plan-an-event\/\" \/>\n<meta property=\"og:locale\" content=\"cs_CZ\" \/>\n<meta property=\"og:type\" content=\"article\" \/>\n<meta property=\"og:title\" content=\"Plan an Event - Obonjan\" \/>\n<meta property=\"og:description\" content=\"[vc_row][vc_column][vc_column_text el_class=&#8220;blue&#8220;] Send us your request and we will contact you with a tailor-made offer in accordance with your requirements. [\/vc_column_text][vc_row_inner][vc_column_inner el_class=&#8220;plan_event_form&#8220;][vc_column_text][\/vc_column_text][\/vc_column_inner][\/vc_row_inner][\/vc_column][\/vc_row][vc_row full_width=&#8220;stretch_row&#8220; gap=&#8220;0&#8243;][vc_column][vc_single_image image=&#8220;21933&#8243; css=&#8220;.vc_custom_1742819778744{margin-bottom: 0px !important;}&#8220;][\/vc_column][\/vc_row][vc_row enable_gradient=&#8220;yes&#8220; gradient_bg=&#8220;-webkit-linear-gradient(0deg, rgb(32, 78, 154) 0.990099%, rgb(71, 127, 194) 99.3399%)&#8220;][vc_column][vc_column_text el_class=&#8220;white&#8220;] We create memorable experiences and unique events into unforgettable island experiences. Are you planning an event, [&hellip;]\" \/>\n<meta property=\"og:url\" content=\"https:\/\/obonjan.hr\/cs\/plan-an-event\/\" \/>\n<meta property=\"og:site_name\" content=\"Obonjan\" \/>\n<meta name=\"twitter:card\" content=\"summary_large_image\" \/>\n<meta name=\"twitter:label1\" content=\"Odhadovan\u00e1 doba \u010dten\u00ed\" \/>\n\t<meta name=\"twitter:data1\" content=\"2 minuty\" \/>\n<script type=\"application\/ld+json\" class=\"yoast-schema-graph\">{\"@context\":\"https:\\\/\\\/schema.org\",\"@graph\":[{\"@type\":\"WebPage\",\"@id\":\"https:\\\/\\\/obonjan.hr\\\/cs\\\/plan-an-event\\\/\",\"url\":\"https:\\\/\\\/obonjan.hr\\\/cs\\\/plan-an-event\\\/\",\"name\":\"Plan an Event - Obonjan\",\"isPartOf\":{\"@id\":\"https:\\\/\\\/obonjan.hr\\\/#website\"},\"datePublished\":\"2025-03-18T10:57:14+00:00\",\"breadcrumb\":{\"@id\":\"https:\\\/\\\/obonjan.hr\\\/cs\\\/plan-an-event\\\/#breadcrumb\"},\"inLanguage\":\"cs\",\"potentialAction\":[{\"@type\":\"ReadAction\",\"target\":[\"https:\\\/\\\/obonjan.hr\\\/cs\\\/plan-an-event\\\/\"]}]},{\"@type\":\"BreadcrumbList\",\"@id\":\"https:\\\/\\\/obonjan.hr\\\/cs\\\/plan-an-event\\\/#breadcrumb\",\"itemListElement\":[{\"@type\":\"ListItem\",\"position\":1,\"name\":\"Home\",\"item\":\"https:\\\/\\\/obonjan.hr\\\/cs\\\/\"},{\"@type\":\"ListItem\",\"position\":2,\"name\":\"Plan an Event\"}]},{\"@type\":\"WebSite\",\"@id\":\"https:\\\/\\\/obonjan.hr\\\/#website\",\"url\":\"https:\\\/\\\/obonjan.hr\\\/\",\"name\":\"Obonjan\",\"description\":\"\",\"potentialAction\":[{\"@type\":\"SearchAction\",\"target\":{\"@type\":\"EntryPoint\",\"urlTemplate\":\"https:\\\/\\\/obonjan.hr\\\/?s={search_term_string}\"},\"query-input\":{\"@type\":\"PropertyValueSpecification\",\"valueRequired\":true,\"valueName\":\"search_term_string\"}}],\"inLanguage\":\"cs\"}]}<\/script>\n<!-- \/ Yoast SEO plugin. -->","yoast_head_json":{"title":"Plan an Event - Obonjan","robots":{"index":"index","follow":"follow","max-snippet":"max-snippet:-1","max-image-preview":"max-image-preview:large","max-video-preview":"max-video-preview:-1"},"canonical":"https:\/\/obonjan.hr\/cs\/plan-an-event\/","og_locale":"cs_CZ","og_type":"article","og_title":"Plan an Event - Obonjan","og_description":"[vc_row][vc_column][vc_column_text el_class=&#8220;blue&#8220;] Send us your request and we will contact you with a tailor-made offer in accordance with your requirements. [\/vc_column_text][vc_row_inner][vc_column_inner el_class=&#8220;plan_event_form&#8220;][vc_column_text][\/vc_column_text][\/vc_column_inner][\/vc_row_inner][\/vc_column][\/vc_row][vc_row full_width=&#8220;stretch_row&#8220; gap=&#8220;0&#8243;][vc_column][vc_single_image image=&#8220;21933&#8243; css=&#8220;.vc_custom_1742819778744{margin-bottom: 0px !important;}&#8220;][\/vc_column][\/vc_row][vc_row enable_gradient=&#8220;yes&#8220; gradient_bg=&#8220;-webkit-linear-gradient(0deg, rgb(32, 78, 154) 0.990099%, rgb(71, 127, 194) 99.3399%)&#8220;][vc_column][vc_column_text el_class=&#8220;white&#8220;] We create memorable experiences and unique events into unforgettable island experiences. Are you planning an event, [&hellip;]","og_url":"https:\/\/obonjan.hr\/cs\/plan-an-event\/","og_site_name":"Obonjan","twitter_card":"summary_large_image","twitter_misc":{"Odhadovan\u00e1 doba \u010dten\u00ed":"2 minuty"},"schema":{"@context":"https:\/\/schema.org","@graph":[{"@type":"WebPage","@id":"https:\/\/obonjan.hr\/cs\/plan-an-event\/","url":"https:\/\/obonjan.hr\/cs\/plan-an-event\/","name":"Plan an Event - Obonjan","isPartOf":{"@id":"https:\/\/obonjan.hr\/#website"},"datePublished":"2025-03-18T10:57:14+00:00","breadcrumb":{"@id":"https:\/\/obonjan.hr\/cs\/plan-an-event\/#breadcrumb"},"inLanguage":"cs","potentialAction":[{"@type":"ReadAction","target":["https:\/\/obonjan.hr\/cs\/plan-an-event\/"]}]},{"@type":"BreadcrumbList","@id":"https:\/\/obonjan.hr\/cs\/plan-an-event\/#breadcrumb","itemListElement":[{"@type":"ListItem","position":1,"name":"Home","item":"https:\/\/obonjan.hr\/cs\/"},{"@type":"ListItem","position":2,"name":"Plan an Event"}]},{"@type":"WebSite","@id":"https:\/\/obonjan.hr\/#website","url":"https:\/\/obonjan.hr\/","name":"Obonjan","description":"","potentialAction":[{"@type":"SearchAction","target":{"@type":"EntryPoint","urlTemplate":"https:\/\/obonjan.hr\/?s={search_term_string}"},"query-input":{"@type":"PropertyValueSpecification","valueRequired":true,"valueName":"search_term_string"}}],"inLanguage":"cs"}]}},"_links":{"self":[{"href":"https:\/\/obonjan.hr\/cs\/wp-json\/wp\/v2\/pages\/22050","targetHints":{"allow":["GET"]}}],"collection":[{"href":"https:\/\/obonjan.hr\/cs\/wp-json\/wp\/v2\/pages"}],"about":[{"href":"https:\/\/obonjan.hr\/cs\/wp-json\/wp\/v2\/types\/page"}],"author":[{"embeddable":true,"href":"https:\/\/obonjan.hr\/cs\/wp-json\/wp\/v2\/users\/1"}],"replies":[{"embeddable":true,"href":"https:\/\/obonjan.hr\/cs\/wp-json\/wp\/v2\/comments?post=22050"}],"version-history":[{"count":0,"href":"https:\/\/obonjan.hr\/cs\/wp-json\/wp\/v2\/pages\/22050\/revisions"}],"wp:attachment":[{"href":"https:\/\/obonjan.hr\/cs\/wp-json\/wp\/v2\/media?parent=22050"}],"curies":[{"name":"wp","href":"https:\/\/api.w.org\/{rel}","templated":true}]}}