{"id":17295,"date":"2023-03-22T12:12:19","date_gmt":"2023-03-22T12:12:19","guid":{"rendered":"https:\/\/obonjan.hr\/sales-policy\/"},"modified":"2024-06-04T11:01:40","modified_gmt":"2024-06-04T11:01:40","slug":"sales-policy","status":"publish","type":"page","link":"https:\/\/obonjan.hr\/cs\/sales-policy\/","title":{"rendered":"Prodejn\u00ed politika"},"content":{"rendered":"<p>[vc_row full_width=&#8220;stretch_row&#8220; gap=&#8220;0&#8243; enable_row_dividers=&#8220;yes&#8220; row_svg_divider=&#8220;top_shape_height:100|bottom_shape_type:12|bottom_shape_color:%23ffffff|bottom_shape_height:100|bottom_shape_bringtofront:yes&#8220; css=&#8220;.vc_custom_1680263456319{margin-top: -100px !important;margin-bottom: 50px !important;padding-bottom: 100px !important;}&#8220; el_class=&#8220;bottom_wave_animated&#8220;][vc_column][\/vc_column][\/vc_row][vc_row][vc_column][vc_column_text]D\u011bkujeme za rezervaci. V\u011bnujte pozornost na\u0161im prodejn\u00edm podm\u00ednk\u00e1m:<\/p>\n<p>\u010cas p\u0159ihl\u00e1\u0161en\u00ed je od 15:00 hodin v den p\u0159\u00edjezdu.<br \/>\n\u010cas odhl\u00e1\u0161en\u00ed je do 10:00 hodin v den odjezdu.<br \/>\nPozdn\u00ed odhl\u00e1\u0161en\u00ed m\u016f\u017ee zp\u016fsobit dodate\u010dn\u00e9 n\u00e1klady.<br \/>\nV\u0161echny \u00fa\u010dty se plat\u00ed p\u0159i odhl\u00e1\u0161en\u00ed.<br \/>\nK zaru\u010den\u00ed rezervace je vy\u017eadov\u00e1na platn\u00e1 kreditn\u00ed karta.<br \/>\nPokud si p\u0159ejete zm\u011bnit nebo zru\u0161it potvrzenou rezervaci, to m\u016f\u017eete ud\u011blat v souladu s Podm\u00ednkami zru\u0161en\u00ed.<\/p>\n<p>Pro jak\u00e9koli dal\u0161\u00ed informace, pros\u00edm, nev\u00e1hejte kontaktovat na\u0161i rezerva\u010dn\u00ed kancel\u00e1\u0159 na n\u00e1sleduj\u00edc\u00ed e-mailov\u00e9 adrese: booking@obonjan.hr<\/p>\n<p>Obonjan Island Resort si vyhrazuje pr\u00e1vo odm\u00edtnout, zru\u0161it nebo upravit rezervace, pokud se zd\u00e1, \u017ee v\u00fd\u0161e uveden\u00e9 obsahuje nebo je v\u00fdsledkem nep\u0159esnosti nebo chyby.<\/p>\n<p>Podm\u00ednky zru\u0161en\u00ed<br \/>\nRezervace bude uchov\u00e1v\u00e1na 24 hodin v den p\u0159\u00edjezdu<br \/>\nV p\u0159\u00edpad\u011b nep\u0159ijet\u00ed \u00fa\u010dtujeme storno poplatek ve v\u00fd\u0161i 100,00 % z hodnoty rezervace.<br \/>\nV p\u0159\u00edpad\u011b zru\u0161en\u00ed rezervace 300\u201315 dn\u00ed p\u0159ed p\u0159\u00edjezdem \u00fa\u010dtujeme storno poplatek ve v\u00fd\u0161i 0,00 % z hodnoty rezervace.<br \/>\nV p\u0159\u00edpad\u011b zru\u0161en\u00ed rezervace 14\u20138 dn\u00ed p\u0159ed p\u0159\u00edjezdem \u00fa\u010dtujeme storno poplatek ve v\u00fd\u0161i 50,00 % z hodnoty rezervace.<br \/>\nV p\u0159\u00edpad\u011b zru\u0161en\u00ed rezervace 7\u20130 dn\u00ed p\u0159ed p\u0159\u00edjezdem \u00fa\u010dtujeme storno poplatek ve v\u00fd\u0161i 80,00 % z hodnoty rezervace.<\/p>\n<p>V\u00fdhody p\u0159\u00edm\u00e9 rezervace<br \/>\nPro\u010d rezervovat na na\u0161ich ofici\u00e1ln\u00edch str\u00e1nk\u00e1ch? Nab\u00edz\u00edme v\u00fdznamn\u00e9 v\u00fdhody pro p\u0159\u00edm\u00e9 rezervace.<\/p>\n<p>Z\u00c1RUKA NEJLEP\u0160\u00cd CENY<br \/>\nPokud sv\u00e9 ubytov\u00e1n\u00ed rezervujete p\u0159\u00edmo na na\u0161ich webov\u00fdch str\u00e1nk\u00e1ch, p\u0159es na\u0161e rezerva\u010dn\u00ed \u010d\u00edslo nebo emailem, zaru\u010dujeme v\u00e1m nejlep\u0161\u00ed cenu na internetu.<br \/>\nPokud najdete svou rezervaci na jin\u00e9 str\u00e1nce za ni\u017e\u0161\u00ed cenu, kontaktujte n\u00e1s na booking@obonjan.hr. Sn\u00ed\u017e\u00edme na\u0161i cenu podle t\u00e9to levn\u011bj\u0161\u00ed nab\u00eddky, pokud budou spln\u011bny n\u00e1sleduj\u00edc\u00ed podm\u00ednky:<br \/>\nPo proveden\u00ed rezervace jste n\u00e1s kontaktovali se v\u0161emi podrobnostmi jin\u00e9 nab\u00eddky, v\u010detn\u011b odkazu na nab\u00eddku na webov\u00fdch str\u00e1nk\u00e1ch a p\u0159esnou cenu, kter\u00e1 je uvedena.<br \/>\nDruhou nab\u00eddku lze rezervovat online a je k dispozici v dob\u011b na\u0161eho ov\u011b\u0159en\u00ed.<br \/>\nNa druhou nab\u00eddku se vztahuj\u00ed stejn\u00e9 rezerva\u010dn\u00ed podm\u00ednky, jak\u00e9 jsou uvedeny ve va\u0161\u00ed rezervaci. To znamen\u00e1 n\u00e1sleduj\u00edc\u00ed:<br \/>\nNab\u00eddka se vztahuje na stejnou ubytovac\u00ed jednotku.<br \/>\nNab\u00eddka se vztahuje na stejn\u00fd typ ubytov\u00e1n\u00ed.<br \/>\nNab\u00eddka se vztahuje na stejnou dobu pobytu, stejn\u00fd po\u010det host\u016f a stejnou m\u011bnu.<br \/>\nNab\u00eddka se vztahuje na stejn\u00e9 podm\u00ednky pokoje, kter\u00e9 zahrnuj\u00ed stravov\u00e1n\u00ed, podm\u00ednky zru\u0161en\u00ed, nab\u00eddku bal\u00ed\u010dku, d\u00e9lku pobytu atd.<br \/>\nPodm\u00ednky va\u0161\u00ed rezervace u n\u00e1s st\u00e1le umo\u017e\u0148uj\u00ed zru\u0161en\u00ed a zm\u011bny bez poplatku.<br \/>\nZ\u00e1ruka se vztahuje na celkovou cenu po celou dobu pobytu, nikoliv na cenu za jeden nebo n\u011bkolik dn\u00ed b\u011bhem pobytu.<br \/>\nPokud se n\u00e1m nepoda\u0159\u00ed p\u0159irovnat na\u0161i cenu k cen\u011b jin\u00e9 nab\u00eddky, proto\u017ee jedna z v\u00fd\u0161e uveden\u00fdch podm\u00ednek je odli\u0161n\u00e1, st\u00e1le si ponech\u00e1v\u00e1te svou existuj\u00edc\u00ed rezervaci \u2013 v\u010detn\u011b podm\u00ednky zru\u0161en\u00ed.<\/p>\n<p>Na\u0161e nab\u00eddka Z\u00e1ruka nejlep\u0161\u00ed ceny neplat\u00ed v n\u00e1sleduj\u00edc\u00edch p\u0159\u00edpadech:<br \/>\nProvedli jste rezervaci prost\u0159ednictv\u00edm webov\u00e9 str\u00e1nky, kter\u00e1 do proveden\u00ed rezervace nezobrazuje ubytovac\u00ed jednotku, ve kter\u00e9 budete ubytov\u00e1ni, ani typ ubytov\u00e1n\u00ed.<br \/>\nRezervaci jste provedli pou\u017eit\u00edm speci\u00e1ln\u00edch cen pro \u010dleny, speci\u00e1ln\u00edch cen pro pravideln\u00e9 z\u00e1kazn\u00edky, v\u011brnostn\u00edch bod\u016f nebo jak\u00e9hokoli v\u011brnostn\u00edho programu.<br \/>\nNekontaktovali jste n\u00e1s v\u00edce ne\u017e 15 dn\u00ed p\u0159ed va\u0161\u00edm p\u0159\u00edjezdem.<\/p>\n<p>REZERVUJTE HNED A ZAPLA\u0164TE POZD\u011aJI<br \/>\nP\u0159i rezervaci ubytov\u00e1n\u00ed nen\u00ed vy\u017eadov\u00e1no p\u0159edem platit. Plat\u00edte a\u017e p\u0159i opu\u0161t\u011bn\u00ed ostrova.<\/p>\n<p>ZRU\u0160EN\u00cd ZDARMA<br \/>\nV\u0161echny rezervace lze m\u011bnit nebo zru\u0161it bez poplatku a\u017e 15 dn\u016f p\u0159ed pl\u00e1novan\u00fdm p\u0159\u00edjezdem, abychom v\u00e1m poskytli co nejv\u011bt\u0161\u00ed flexibilitu.<\/p>\n<p>Z\u00c1RUKA NEJLEP\u0160\u00cd CENY<br \/>\nRezervujte p\u0159\u00edmo na na\u0161ich webov\u00fdch str\u00e1nk\u00e1ch, p\u0159es na\u0161e rezerva\u010dn\u00ed \u010d\u00edslo nebo emailem a zaru\u010d\u00edme v\u00e1m nejlep\u0161\u00ed cenu na internetu.<\/p>\n<p>BEZSTAROSTN\u00dd POBYT<br \/>\nL\u00e9ka\u0159sk\u00e1 p\u00e9\u010de na ostrov\u011b je k dispozici po celou sez\u00f3nu pro p\u0159\u00edpad nouzov\u00fdch a dal\u0161\u00edch akutn\u00edch zdravotn\u00edch stav\u016f.[\/vc_column_text]<style>.ld_spacer_6a0486463c454{height:64px;}<\/style>\n<div class=\"ld-empty-space ld_spacer_6a0486463c454\"><\/div>[\/vc_column][\/vc_row]<\/p>\n","protected":false},"excerpt":{"rendered":"<p>[vc_row full_width=&#8220;stretch_row&#8220; gap=&#8220;0&#8243; enable_row_dividers=&#8220;yes&#8220; row_svg_divider=&#8220;top_shape_height:100|bottom_shape_type:12|bottom_shape_color:%23ffffff|bottom_shape_height:100|bottom_shape_bringtofront:yes&#8220; css=&#8220;.vc_custom_1680263456319{margin-top: -100px !important;margin-bottom: 50px !important;padding-bottom: 100px !important;}&#8220; el_class=&#8220;bottom_wave_animated&#8220;][vc_column][\/vc_column][\/vc_row][vc_row][vc_column][vc_column_text]D\u011bkujeme za rezervaci. V\u011bnujte pozornost na\u0161im prodejn\u00edm podm\u00ednk\u00e1m: \u010cas p\u0159ihl\u00e1\u0161en\u00ed je od 15:00 hodin v den p\u0159\u00edjezdu. \u010cas odhl\u00e1\u0161en\u00ed je do 10:00 hodin v den odjezdu. Pozdn\u00ed odhl\u00e1\u0161en\u00ed m\u016f\u017ee zp\u016fsobit dodate\u010dn\u00e9 n\u00e1klady. V\u0161echny \u00fa\u010dty se plat\u00ed p\u0159i odhl\u00e1\u0161en\u00ed. K zaru\u010den\u00ed rezervace je vy\u017eadov\u00e1na [&hellip;]<\/p>\n","protected":false},"author":1,"featured_media":0,"parent":0,"menu_order":0,"comment_status":"closed","ping_status":"closed","template":"","meta":{"footnotes":""},"class_list":["post-17295","page","type-page","status-publish","hentry"],"yoast_head":"<!-- This site is optimized with the Yoast SEO plugin v27.3 - https:\/\/yoast.com\/product\/yoast-seo-wordpress\/ -->\n<title>Prodejn\u00ed politika - Obonjan Resort<\/title>\n<meta name=\"description\" content=\"Politika prodeje - informace t\u00fdkaj\u00edc\u00ed se bezplatn\u00e9ho zru\u0161en\u00ed, \u010dasu p\u0159\u00edjezdu a odjezdu, z\u00e1ruky nejlep\u0161\u00ed ceny ubytov\u00e1n\u00ed v rezortu Obonjan Island.\" \/>\n<meta name=\"robots\" content=\"index, follow, max-snippet:-1, max-image-preview:large, max-video-preview:-1\" \/>\n<link rel=\"canonical\" href=\"https:\/\/obonjan.hr\/cs\/sales-policy\/\" \/>\n<meta property=\"og:locale\" content=\"cs_CZ\" \/>\n<meta property=\"og:type\" content=\"article\" \/>\n<meta property=\"og:title\" content=\"Prodejn\u00ed politika - Obonjan Resort\" \/>\n<meta property=\"og:description\" content=\"Politika prodeje - informace t\u00fdkaj\u00edc\u00ed se bezplatn\u00e9ho zru\u0161en\u00ed, \u010dasu p\u0159\u00edjezdu a odjezdu, z\u00e1ruky nejlep\u0161\u00ed ceny ubytov\u00e1n\u00ed v rezortu Obonjan Island.\" \/>\n<meta property=\"og:url\" content=\"https:\/\/obonjan.hr\/cs\/sales-policy\/\" \/>\n<meta property=\"og:site_name\" content=\"Obonjan\" \/>\n<meta property=\"article:modified_time\" content=\"2024-06-04T11:01:40+00:00\" \/>\n<meta name=\"twitter:card\" content=\"summary_large_image\" \/>\n<meta name=\"twitter:label1\" content=\"Odhadovan\u00e1 doba \u010dten\u00ed\" \/>\n\t<meta name=\"twitter:data1\" content=\"3 minuty\" \/>\n<script type=\"application\/ld+json\" class=\"yoast-schema-graph\">{\"@context\":\"https:\\\/\\\/schema.org\",\"@graph\":[{\"@type\":\"WebPage\",\"@id\":\"https:\\\/\\\/obonjan.hr\\\/cs\\\/sales-policy\\\/\",\"url\":\"https:\\\/\\\/obonjan.hr\\\/cs\\\/sales-policy\\\/\",\"name\":\"Prodejn\u00ed politika - Obonjan Resort\",\"isPartOf\":{\"@id\":\"https:\\\/\\\/obonjan.hr\\\/#website\"},\"datePublished\":\"2023-03-22T12:12:19+00:00\",\"dateModified\":\"2024-06-04T11:01:40+00:00\",\"description\":\"Politika prodeje - informace t\u00fdkaj\u00edc\u00ed se bezplatn\u00e9ho zru\u0161en\u00ed, \u010dasu p\u0159\u00edjezdu a odjezdu, z\u00e1ruky nejlep\u0161\u00ed ceny ubytov\u00e1n\u00ed v rezortu Obonjan Island.\",\"breadcrumb\":{\"@id\":\"https:\\\/\\\/obonjan.hr\\\/cs\\\/sales-policy\\\/#breadcrumb\"},\"inLanguage\":\"cs\",\"potentialAction\":[{\"@type\":\"ReadAction\",\"target\":[\"https:\\\/\\\/obonjan.hr\\\/cs\\\/sales-policy\\\/\"]}]},{\"@type\":\"BreadcrumbList\",\"@id\":\"https:\\\/\\\/obonjan.hr\\\/cs\\\/sales-policy\\\/#breadcrumb\",\"itemListElement\":[{\"@type\":\"ListItem\",\"position\":1,\"name\":\"Home\",\"item\":\"https:\\\/\\\/obonjan.hr\\\/cs\\\/\"},{\"@type\":\"ListItem\",\"position\":2,\"name\":\"Prodejn\u00ed politika\"}]},{\"@type\":\"WebSite\",\"@id\":\"https:\\\/\\\/obonjan.hr\\\/#website\",\"url\":\"https:\\\/\\\/obonjan.hr\\\/\",\"name\":\"Obonjan\",\"description\":\"\",\"potentialAction\":[{\"@type\":\"SearchAction\",\"target\":{\"@type\":\"EntryPoint\",\"urlTemplate\":\"https:\\\/\\\/obonjan.hr\\\/?s={search_term_string}\"},\"query-input\":{\"@type\":\"PropertyValueSpecification\",\"valueRequired\":true,\"valueName\":\"search_term_string\"}}],\"inLanguage\":\"cs\"}]}<\/script>\n<!-- \/ Yoast SEO plugin. -->","yoast_head_json":{"title":"Prodejn\u00ed politika - Obonjan Resort","description":"Politika prodeje - informace t\u00fdkaj\u00edc\u00ed se bezplatn\u00e9ho zru\u0161en\u00ed, \u010dasu p\u0159\u00edjezdu a odjezdu, z\u00e1ruky nejlep\u0161\u00ed ceny ubytov\u00e1n\u00ed v rezortu Obonjan Island.","robots":{"index":"index","follow":"follow","max-snippet":"max-snippet:-1","max-image-preview":"max-image-preview:large","max-video-preview":"max-video-preview:-1"},"canonical":"https:\/\/obonjan.hr\/cs\/sales-policy\/","og_locale":"cs_CZ","og_type":"article","og_title":"Prodejn\u00ed politika - Obonjan Resort","og_description":"Politika prodeje - informace t\u00fdkaj\u00edc\u00ed se bezplatn\u00e9ho zru\u0161en\u00ed, \u010dasu p\u0159\u00edjezdu a odjezdu, z\u00e1ruky nejlep\u0161\u00ed ceny ubytov\u00e1n\u00ed v rezortu Obonjan Island.","og_url":"https:\/\/obonjan.hr\/cs\/sales-policy\/","og_site_name":"Obonjan","article_modified_time":"2024-06-04T11:01:40+00:00","twitter_card":"summary_large_image","twitter_misc":{"Odhadovan\u00e1 doba \u010dten\u00ed":"3 minuty"},"schema":{"@context":"https:\/\/schema.org","@graph":[{"@type":"WebPage","@id":"https:\/\/obonjan.hr\/cs\/sales-policy\/","url":"https:\/\/obonjan.hr\/cs\/sales-policy\/","name":"Prodejn\u00ed politika - Obonjan Resort","isPartOf":{"@id":"https:\/\/obonjan.hr\/#website"},"datePublished":"2023-03-22T12:12:19+00:00","dateModified":"2024-06-04T11:01:40+00:00","description":"Politika prodeje - informace t\u00fdkaj\u00edc\u00ed se bezplatn\u00e9ho zru\u0161en\u00ed, \u010dasu p\u0159\u00edjezdu a odjezdu, z\u00e1ruky nejlep\u0161\u00ed ceny ubytov\u00e1n\u00ed v rezortu Obonjan Island.","breadcrumb":{"@id":"https:\/\/obonjan.hr\/cs\/sales-policy\/#breadcrumb"},"inLanguage":"cs","potentialAction":[{"@type":"ReadAction","target":["https:\/\/obonjan.hr\/cs\/sales-policy\/"]}]},{"@type":"BreadcrumbList","@id":"https:\/\/obonjan.hr\/cs\/sales-policy\/#breadcrumb","itemListElement":[{"@type":"ListItem","position":1,"name":"Home","item":"https:\/\/obonjan.hr\/cs\/"},{"@type":"ListItem","position":2,"name":"Prodejn\u00ed politika"}]},{"@type":"WebSite","@id":"https:\/\/obonjan.hr\/#website","url":"https:\/\/obonjan.hr\/","name":"Obonjan","description":"","potentialAction":[{"@type":"SearchAction","target":{"@type":"EntryPoint","urlTemplate":"https:\/\/obonjan.hr\/?s={search_term_string}"},"query-input":{"@type":"PropertyValueSpecification","valueRequired":true,"valueName":"search_term_string"}}],"inLanguage":"cs"}]}},"_links":{"self":[{"href":"https:\/\/obonjan.hr\/cs\/wp-json\/wp\/v2\/pages\/17295","targetHints":{"allow":["GET"]}}],"collection":[{"href":"https:\/\/obonjan.hr\/cs\/wp-json\/wp\/v2\/pages"}],"about":[{"href":"https:\/\/obonjan.hr\/cs\/wp-json\/wp\/v2\/types\/page"}],"author":[{"embeddable":true,"href":"https:\/\/obonjan.hr\/cs\/wp-json\/wp\/v2\/users\/1"}],"replies":[{"embeddable":true,"href":"https:\/\/obonjan.hr\/cs\/wp-json\/wp\/v2\/comments?post=17295"}],"version-history":[{"count":2,"href":"https:\/\/obonjan.hr\/cs\/wp-json\/wp\/v2\/pages\/17295\/revisions"}],"predecessor-version":[{"id":17297,"href":"https:\/\/obonjan.hr\/cs\/wp-json\/wp\/v2\/pages\/17295\/revisions\/17297"}],"wp:attachment":[{"href":"https:\/\/obonjan.hr\/cs\/wp-json\/wp\/v2\/media?parent=17295"}],"curies":[{"name":"wp","href":"https:\/\/api.w.org\/{rel}","templated":true}]}}